{"id":657678,"date":"2024-10-13T11:59:02","date_gmt":"2024-10-13T09:59:02","guid":{"rendered":"https:\/\/streetmarkets.fr\/app\/produit\/chaussons-la-coton-bio\/"},"modified":"2026-05-11T00:55:33","modified_gmt":"2026-05-10T22:55:33","slug":"chaussons-la-coton-bio","status":"publish","type":"product","link":"https:\/\/streetmarkets.fr\/app\/produit\/chaussons-la-coton-bio\/","title":{"rendered":"Chaussons Simone &#8211; Coton Bio"},"content":{"rendered":"<p>Parfaits pour une ambiance cocooning, ces chaussons en couleur unique sont parfaits pour se d\u00e9tendre chez soi, tout en respectant l\u2019environnement. <br \/>Fabriqu\u00e9s \u00e0 partir de mat\u00e9riaux naturels et biologiques, ils s&#8217;adaptent \u00e0 tous les go\u00fbts et \u00e0 toutes les morphologies.<\/p>\n<p>D\u00c9TAILS <\/p>\n<p> \u2022 Coloris : Blanc<br \/> \u2022 Mod\u00e8le unisexe<br \/> \u2022 Un confort assur\u00e9 avec la semelle en fourrure de laine <br \/> \u2022 Les tailles disponibles vont de 36 \u00e0 46<\/p>\n<p>COMPOSITION <\/p>\n<p>\u2022 Int\u00e9rieur en laine et mousse recycl\u00e9e<br \/>\u2022 Confection : artisanale, fabriqu\u00e9e au Portugal<br \/>\u2022 Fourrure de coton bio<br \/>\u2022 Semelle en P.E.T recycl\u00e9<\/p>\n<p>LE CONSEIL D\u2019ASTRID <\/p>\n<p>S\u00e9lectionnez votre taille habituelle pour un confort optimal.<\/p>\n<p>CONSEILS D\u2019ENTRETIEN <\/p>\n<p>Optez pour le lavage \u00e0 sec en utilisant la terre de Sommi\u00e8res ou frottez avec un chiffon humide<\/p>\n<p>LA MARQUE<\/p>\n<p>&#8211; De jolies pantoufles unisexes \u00e9co-con\u00e7ues et confortables &#8211;<\/p>\n<p>Causs\u00fcn est une marque fran\u00e7aise qui con\u00e7oit des pantoufles responsables et plus durables \u00e0 partir de chutes de productions en mousse, de laine et de plastique recycl\u00e9s. Une fois les chaussons bien us\u00e9s, la partie en laine et la semelle int\u00e9rieure pourront servir de compost gr\u00e2ce \u00e0 leur mati\u00e8re brute non trait\u00e9e, sans aucune substance nocive et ainsi limiter vos d\u00e9chets. Une v\u00e9ritable r\u00e9volution \u00e9cologique.<\/p>\n","protected":false},"excerpt":{"rendered":"<p>Parfaits pour une ambiance cocooning, ces chaussons en couleur unique sont parfaits pour se d\u00e9tendre chez soi, tout en respectant l\u2019environnement. Fabriqu\u00e9s \u00e0 partir de mat\u00e9riaux naturels et biologiques, ils s&#8217;adaptent \u00e0 tous les go\u00fbts et \u00e0 toutes les morphologies. D\u00c9TAILS \u2022 Coloris : Blanc \u2022 Mod\u00e8le unisexe \u2022 Un confort assur\u00e9 avec la semelle [&hellip;]<\/p>\n","protected":false},"featured_media":657679,"comment_status":"open","ping_status":"closed","template":"","meta":[],"product_brand":[],"product_cat":[1756,1763],"product_tag":[1813],"acf":[],"_links":{"self":[{"href":"https:\/\/streetmarkets.fr\/app\/wp-json\/wp\/v2\/product\/657678"}],"collection":[{"href":"https:\/\/streetmarkets.fr\/app\/wp-json\/wp\/v2\/product"}],"about":[{"href":"https:\/\/streetmarkets.fr\/app\/wp-json\/wp\/v2\/types\/product"}],"replies":[{"embeddable":true,"href":"https:\/\/streetmarkets.fr\/app\/wp-json\/wp\/v2\/comments?post=657678"}],"wp:featuredmedia":[{"embeddable":true,"href":"https:\/\/streetmarkets.fr\/app\/wp-json\/wp\/v2\/media\/657679"}],"wp:attachment":[{"href":"https:\/\/streetmarkets.fr\/app\/wp-json\/wp\/v2\/media?parent=657678"}],"wp:term":[{"taxonomy":"product_brand","embeddable":true,"href":"https:\/\/streetmarkets.fr\/app\/wp-json\/wp\/v2\/product_brand?post=657678"},{"taxonomy":"product_cat","embeddable":true,"href":"https:\/\/streetmarkets.fr\/app\/wp-json\/wp\/v2\/product_cat?post=657678"},{"taxonomy":"product_tag","embeddable":true,"href":"https:\/\/streetmarkets.fr\/app\/wp-json\/wp\/v2\/product_tag?post=657678"}],"curies":[{"name":"wp","href":"https:\/\/api.w.org\/{rel}","templated":true}]}}