{"id":657671,"date":"2024-10-13T11:59:01","date_gmt":"2024-10-13T09:59:01","guid":{"rendered":"https:\/\/streetmarkets.fr\/app\/produit\/tote-bag-cabas-oyat\/"},"modified":"2026-04-08T00:55:44","modified_gmt":"2026-04-07T22:55:44","slug":"tote-bag-cabas-oyat","status":"publish","type":"product","link":"https:\/\/streetmarkets.fr\/app\/produit\/tote-bag-cabas-oyat\/","title":{"rendered":"Tote bag &#8211; cabas Oyat"},"content":{"rendered":"<p><em><\/em><span>Optez pour le Tote Bag Oyat, un v\u00e9ritable compagnon pour vos courses, sorties en villes ou pour ajouter une touche de simplicit\u00e9\u00a0\u00e0 votre tenue.<\/span><\/p>\n<p>DETAILS<\/p>\n<ul>\n<li>Dimensions : L 42cm H\u00a030 cm Soufflet 13 cm (fond et c\u00f4t\u00e9s)<\/li>\n<li>Larges anses : 63 cm\u00a0 de long x 4 cm de large<\/li>\n<li>Etiquette Oyat tiss\u00e9e<\/li>\n<li>Impression s\u00e9rigraphie<\/li>\n<\/ul>\n<p>COMPOSITION<\/p>\n<ul>\n<li><span style=\"font-family: -apple-system, BlinkMacSystemFont, 'San Francisco', 'Segoe UI', Roboto, 'Helvetica Neue', sans-serif;font-size: 0.875rem\" data-mce-style=\"font-family: -apple-system, BlinkMacSystemFont, 'San Francisco', 'Segoe UI', Roboto, 'Helvetica Neue', sans-serif; font-size: 0.875rem;\">Coton \u00e9pais 310g \u00e9cru\u00a0<\/span><\/li>\n<\/ul>\n<p>LE CONSEIL D&#8217;ASTRID<\/p>\n<p><span><\/span><span style=\"font-family: -apple-system, BlinkMacSystemFont, 'San Francisco', 'Segoe UI', Roboto, 'Helvetica Neue', sans-serif;font-size: 0.875rem\">Partagez nous des photos avec notre Tote Bag en nous identifiant en story ou au travers du hashtag #oyatboutique\u00a0<\/span><\/p>\n<p><span style=\"font-family: -apple-system, BlinkMacSystemFont, 'San Francisco', 'Segoe UI', Roboto, 'Helvetica Neue', sans-serif;font-size: 0.875rem\">CONSEILS D&#8217;ENTRETIEN<\/span><\/p>\n<div class=\"line\">\n<span data-mce-fragment=\"1\" data-sheets-value=\"{&quot;1&quot;:2,&quot;2&quot;:&quot;D\u00e9couvrez le t-shirt couleur cr\u00e8me au col rond 100% organique certifi\u00e9 GOTS.\\n\\nFabriqu\u00e9 au Portugal.\\n\\nLES PETITS PLUS\\n\\nCouleur Ecru &amp; logo vert\\nImpressions label Oeko-Tex\u00ae standard 100\\nCol rond et \u00e9tiquette G\\n\\nLE CONSEIL D'ASTRID\\nCe t-shirt \u00e0 la coupe un peu ample, ira tr\u00e8s bien avec une jupe d\u00e8s le printemps ou un pantalon sous une veste en jean. \\n\\nCONSEILS D'ENTRETIEN\\n\\nLaver d\u00e9licatement \u00e0 30\u00b0C. \\n\\nLA MARQUE\\n\\nGraine Clothing, un duo p\u00e8re-fille imaginant les essentiels conjuguant vie citadine et quotidien en pleine nature.&quot;}\" data-sheets-userformat='{\"2\":4799,\"3\":{\"1\":0},\"4\":{\"1\":2,\"2\":16776960},\"5\":{\"1\":[{\"1\":2,\"2\":0,\"5\":{\"1\":2,\"2\":0}},{\"1\":0,\"2\":0,\"3\":3},{\"1\":1,\"2\":0,\"4\":1}]},\"6\":{\"1\":[{\"1\":2,\"2\":0,\"5\":{\"1\":2,\"2\":0}},{\"1\":0,\"2\":0,\"3\":3},{\"1\":1,\"2\":0,\"4\":1}]},\"7\":{\"1\":[{\"1\":2,\"2\":0,\"5\":{\"1\":2,\"2\":0}},{\"1\":0,\"2\":0,\"3\":3},{\"1\":1,\"2\":0,\"4\":1}]},\"8\":{\"1\":[{\"1\":2,\"2\":0,\"5\":{\"1\":2,\"2\":0}},{\"1\":0,\"2\":0,\"3\":3},{\"1\":1,\"2\":0,\"4\":1}]},\"10\":2,\"12\":0,\"15\":\"Arial\"}'>Privil\u00e9gier un lavage \u00e0 30\u00b0 avec un essorage faible.<\/span><br \/><span class=\"name\"><\/span>\n<\/div>\n<div class=\"line\"><\/div>\n<p>\u00a0<\/p>\n","protected":false},"excerpt":{"rendered":"<p>Optez pour le Tote Bag Oyat, un v\u00e9ritable compagnon pour vos courses, sorties en villes ou pour ajouter une touche de simplicit\u00e9\u00a0\u00e0 votre tenue. DETAILS Dimensions : L 42cm H\u00a030 cm Soufflet 13 cm (fond et c\u00f4t\u00e9s) Larges anses : 63 cm\u00a0 de long x 4 cm de large Etiquette Oyat tiss\u00e9e Impression s\u00e9rigraphie COMPOSITION [&hellip;]<\/p>\n","protected":false},"featured_media":657672,"comment_status":"open","ping_status":"closed","template":"","meta":[],"product_brand":[],"product_cat":[1756,1764],"product_tag":[1813],"acf":[],"_links":{"self":[{"href":"https:\/\/streetmarkets.fr\/app\/wp-json\/wp\/v2\/product\/657671"}],"collection":[{"href":"https:\/\/streetmarkets.fr\/app\/wp-json\/wp\/v2\/product"}],"about":[{"href":"https:\/\/streetmarkets.fr\/app\/wp-json\/wp\/v2\/types\/product"}],"replies":[{"embeddable":true,"href":"https:\/\/streetmarkets.fr\/app\/wp-json\/wp\/v2\/comments?post=657671"}],"wp:featuredmedia":[{"embeddable":true,"href":"https:\/\/streetmarkets.fr\/app\/wp-json\/wp\/v2\/media\/657672"}],"wp:attachment":[{"href":"https:\/\/streetmarkets.fr\/app\/wp-json\/wp\/v2\/media?parent=657671"}],"wp:term":[{"taxonomy":"product_brand","embeddable":true,"href":"https:\/\/streetmarkets.fr\/app\/wp-json\/wp\/v2\/product_brand?post=657671"},{"taxonomy":"product_cat","embeddable":true,"href":"https:\/\/streetmarkets.fr\/app\/wp-json\/wp\/v2\/product_cat?post=657671"},{"taxonomy":"product_tag","embeddable":true,"href":"https:\/\/streetmarkets.fr\/app\/wp-json\/wp\/v2\/product_tag?post=657671"}],"curies":[{"name":"wp","href":"https:\/\/api.w.org\/{rel}","templated":true}]}}