{"id":657294,"date":"2024-10-13T11:58:30","date_gmt":"2024-10-13T09:58:30","guid":{"rendered":"https:\/\/streetmarkets.fr\/app\/produit\/vernis-green-flash-peonie\/"},"modified":"2026-05-09T00:55:51","modified_gmt":"2026-05-08T22:55:51","slug":"vernis-green-flash-peonie","status":"publish","type":"product","link":"https:\/\/streetmarkets.fr\/app\/produit\/vernis-green-flash-peonie\/","title":{"rendered":"Vernis Green Flash &#8211; P\u00e9onie"},"content":{"rendered":"<p><span>D\u00e9couvrez le vernis P\u00e9onie, un rose \u00e9clatant, vivifiant et fruit\u00e9. Une palette de couleurs vari\u00e9e de vernis est \u00e0 d\u00e9couvrir sur le site. <\/span><br data-mce-fragment=\"1\"><br data-mce-fragment=\"1\"><span>Fabriqu\u00e9 en France. <\/span><br data-mce-fragment=\"1\"><br data-mce-fragment=\"1\"><span>LE CONSEIL D&#8217;ASTRID<\/span><br data-mce-fragment=\"1\"><br data-mce-fragment=\"1\"><span>Si vous n&#8217;avez pas encore test\u00e9 la manucure professionnelle avec ces vernis semi-permanents, commencer par vous acheter le kit qui contient tout ce qu&#8217;il faut pour d\u00e9buter: la lampe, la base, le top coat, la couleur et le dissolvant. <\/span><br data-mce-fragment=\"1\"><br data-mce-fragment=\"1\"><span>LES PETITS PLUS<\/span><br data-mce-fragment=\"1\"><\/p>\n<ul>\n<li><span>Pinceaux qualit\u00e9 professionnelle<\/span><\/li>\n<li><span>Se retire comme un vernis<\/span><\/li>\n<li><span>Tenue jusqu&#8217;\u00e0 10 jours\u00a0<\/span><\/li>\n<li><span>Sans perturbateur endocrinien, ni mol\u00e9cule pr\u00e9sentant un risque allerg\u00e8ne<\/span><\/li>\n<li><span>12-free<\/span><\/li>\n<\/ul>\n<p><span>COMPOSITION<\/span><br data-mce-fragment=\"1\"><br data-mce-fragment=\"1\"><span>15ml<\/span><br data-mce-fragment=\"1\"><\/p>\n<p>ethyl acetate, butyl acetate, nitrocellulose, hydroxyethyl acrylate\/IPDI\/PPG-15 glyceryl ether copolymer, acetyl tributyl citrate, isopropyl alcohol, bis-HEMA poly(1,4-butanediol)-9\/IPDI copolymer, stearalkonium bentonite, ethyl trimethylbenzoyl phenylphosphinate, phosphoric acid, diacetone alcohol, BHT, silica, CI 15850 (red 7 lake), CI 73360 (red 30), CI 77891 (titanium dioxide), CI 19140 (yellow 5 lake)<\/p>\n<p>Bio-sourc\u00e9s \u00e0 59%<br data-mce-fragment=\"1\"><br data-mce-fragment=\"1\"><span>LA MARQUE<\/span><br data-mce-fragment=\"1\"><br data-mce-fragment=\"1\"><span>&#8211; Les vernis clean &#8211;<\/span><br data-mce-fragment=\"1\"><br data-mce-fragment=\"1\"><span>Manucurist propose depuis ses d\u00e9buts des vernis et des soins sains pour la peau et qui donnent le sourire gr\u00e2ce \u00e0 ses couleurs travaill\u00e9es et \u00e9l\u00e9gantes. La marque a lanc\u00e9 une petite r\u00e9volution avec ses vernis green semi-permanents aux ingr\u00e9dients les plus naturels possible.<\/span><\/p>\n","protected":false},"excerpt":{"rendered":"<p>D\u00e9couvrez le vernis P\u00e9onie, un rose \u00e9clatant, vivifiant et fruit\u00e9. Une palette de couleurs vari\u00e9e de vernis est \u00e0 d\u00e9couvrir sur le site. Fabriqu\u00e9 en France. LE CONSEIL D&#8217;ASTRIDSi vous n&#8217;avez pas encore test\u00e9 la manucure professionnelle avec ces vernis semi-permanents, commencer par vous acheter le kit qui contient tout ce qu&#8217;il faut pour d\u00e9buter: [&hellip;]<\/p>\n","protected":false},"featured_media":657295,"comment_status":"open","ping_status":"closed","template":"","meta":[],"product_brand":[],"product_cat":[1756,1764],"product_tag":[1813],"acf":[],"_links":{"self":[{"href":"https:\/\/streetmarkets.fr\/app\/wp-json\/wp\/v2\/product\/657294"}],"collection":[{"href":"https:\/\/streetmarkets.fr\/app\/wp-json\/wp\/v2\/product"}],"about":[{"href":"https:\/\/streetmarkets.fr\/app\/wp-json\/wp\/v2\/types\/product"}],"replies":[{"embeddable":true,"href":"https:\/\/streetmarkets.fr\/app\/wp-json\/wp\/v2\/comments?post=657294"}],"wp:featuredmedia":[{"embeddable":true,"href":"https:\/\/streetmarkets.fr\/app\/wp-json\/wp\/v2\/media\/657295"}],"wp:attachment":[{"href":"https:\/\/streetmarkets.fr\/app\/wp-json\/wp\/v2\/media?parent=657294"}],"wp:term":[{"taxonomy":"product_brand","embeddable":true,"href":"https:\/\/streetmarkets.fr\/app\/wp-json\/wp\/v2\/product_brand?post=657294"},{"taxonomy":"product_cat","embeddable":true,"href":"https:\/\/streetmarkets.fr\/app\/wp-json\/wp\/v2\/product_cat?post=657294"},{"taxonomy":"product_tag","embeddable":true,"href":"https:\/\/streetmarkets.fr\/app\/wp-json\/wp\/v2\/product_tag?post=657294"}],"curies":[{"name":"wp","href":"https:\/\/api.w.org\/{rel}","templated":true}]}}