{"id":657240,"date":"2024-10-13T11:58:29","date_gmt":"2024-10-13T09:58:29","guid":{"rendered":"https:\/\/streetmarkets.fr\/app\/produit\/vernis-green-flash-petit-pois\/"},"modified":"2026-04-29T00:55:53","modified_gmt":"2026-04-28T22:55:53","slug":"vernis-green-flash-petit-pois","status":"publish","type":"product","link":"https:\/\/streetmarkets.fr\/app\/produit\/vernis-green-flash-petit-pois\/","title":{"rendered":"Vernis Green Flash &#8211; Petit pois"},"content":{"rendered":"<p><span data-sheets-userformat='{\"2\":7103,\"3\":{\"1\":0},\"4\":{\"1\":2,\"2\":16776960},\"5\":{\"1\":[{\"1\":2,\"2\":0,\"5\":{\"1\":2,\"2\":0}},{\"1\":0,\"2\":0,\"3\":3},{\"1\":1,\"2\":0,\"4\":1}]},\"6\":{\"1\":[{\"1\":2,\"2\":0,\"5\":{\"1\":2,\"2\":0}},{\"1\":0,\"2\":0,\"3\":3},{\"1\":1,\"2\":0,\"4\":1}]},\"7\":{\"1\":[{\"1\":2,\"2\":0,\"5\":{\"1\":2,\"2\":0}},{\"1\":0,\"2\":0,\"3\":3},{\"1\":1,\"2\":0,\"4\":1}]},\"8\":{\"1\":[{\"1\":2,\"2\":0,\"5\":{\"1\":2,\"2\":0}},{\"1\":0,\"2\":0,\"3\":3},{\"1\":1,\"2\":0,\"4\":1}]},\"10\":0,\"11\":4,\"12\":0,\"14\":{\"1\":2,\"2\":0},\"15\":\"\"Helvetica Neue\"\"}' data-sheets-value=\"{&quot;1&quot;:2,&quot;2&quot;:&quot;D\u00e9couvrez le vernis Anemone, un rouge lumineux et tr\u00e8s l\u00e9g\u00e8rement ros\u00e9. Une palette de couleurs vari\u00e9e de vernis est \u00e0 d\u00e9couvrir sur le site. \\n \\n Fabriqu\u00e9 en France. \\n \\n LE CONSEIL D'ASTRID\\n \\n Si vous n'avez pas encore test\u00e9 la manucure professionnelle avec ces vernis semi-permanents, commencer par vous acheter le kit qui contient tout ce qu'il faut pour d\u00e9buter: la lampe, la base, le top coat, la couleur et le dissolvant. \\n \\n LES PETITS PLUS\\n \\n Pinceaux qualit\u00e9 professionnelle\\n Se retire comme un vernis\\n Tenue jusqu'\u00e0 10 jours\\n Sans perturbateur endocrinien, ni mol\u00e9cule pr\u00e9sentant un risque allerg\u00e8ne\\n12-free\\n \\n COMPOSITION\\n \\r\\n 15ml\\n ethyl acetate, butyl acetate, nitrocellulose, hydroxyethyl acrylate\/IPDI\/PPG-15 glyceryl ether copolymer, acetyl tributyl citrate, isopropyl alcohol, bis-HEMA poly(1,4-butanediol)-9\/IPDI copolymer, stearalkonium bentonite, ethyl trimethylbenzoyl phenylphosphinate, CI 15850 ( red 7 lake), silica, diacetone alcohol, CI 73360 (red 30), BHT, phosphoric acid, CI 19140 (yellow 5 lake)\\n \\n Bio-sourc\u00e9s \u00e0 60%\\n\\n LA MARQUE\\n \\n - Les vernis clean -\\n \\n Manucurist propose depuis ses d\u00e9buts des vernis et des soins sains pour la peau et qui donnent le sourire gr\u00e2ce \u00e0 ses couleurs travaill\u00e9es et \u00e9l\u00e9gantes. La marque a lanc\u00e9 une petite r\u00e9volution avec ses vernis green semi-permanents aux ingr\u00e9dients les plus naturels possible. &quot;}\" data-mce-fragment=\"1\">D\u00e9couvrez le vernis Petit pois, un vert vif qui en jette, id\u00e9al \u00e0 l&#8217;arriv\u00e9e des beaux jours. Une palette de couleurs vari\u00e9e de vernis est \u00e0 d\u00e9couvrir sur le site. <br data-mce-fragment=\"1\"> <br data-mce-fragment=\"1\"> Fabriqu\u00e9 en France. <br data-mce-fragment=\"1\"> <br data-mce-fragment=\"1\"> LE CONSEIL D&#8217;ASTRID<br data-mce-fragment=\"1\"> <br data-mce-fragment=\"1\"> Si vous n&#8217;avez pas encore test\u00e9 la manucure professionnelle avec ces vernis semi-permanents, commencer par vous acheter le kit qui contient tout ce qu&#8217;il faut pour d\u00e9buter: la lampe, la base, le top coat, la couleur et le dissolvant. <br data-mce-fragment=\"1\"> <br data-mce-fragment=\"1\"> LES PETITS PLUS<br data-mce-fragment=\"1\"> <br data-mce-fragment=\"1\"> Pinceaux qualit\u00e9 professionnelle<br data-mce-fragment=\"1\"> Se retire comme un vernis<br data-mce-fragment=\"1\"> Tenue jusqu&#8217;\u00e0 10 jours<br data-mce-fragment=\"1\"> Sans perturbateur endocrinien, ni mol\u00e9cule pr\u00e9sentant un risque allerg\u00e8ne<br data-mce-fragment=\"1\">12-free<br data-mce-fragment=\"1\"> <br data-mce-fragment=\"1\"> COMPOSITION<br data-mce-fragment=\"1\"> <br data-mce-fragment=\"1\"> 15ml <\/span><\/p>\n<p><span data-sheets-userformat='{\"2\":7103,\"3\":{\"1\":0},\"4\":{\"1\":2,\"2\":16776960},\"5\":{\"1\":[{\"1\":2,\"2\":0,\"5\":{\"1\":2,\"2\":0}},{\"1\":0,\"2\":0,\"3\":3},{\"1\":1,\"2\":0,\"4\":1}]},\"6\":{\"1\":[{\"1\":2,\"2\":0,\"5\":{\"1\":2,\"2\":0}},{\"1\":0,\"2\":0,\"3\":3},{\"1\":1,\"2\":0,\"4\":1}]},\"7\":{\"1\":[{\"1\":2,\"2\":0,\"5\":{\"1\":2,\"2\":0}},{\"1\":0,\"2\":0,\"3\":3},{\"1\":1,\"2\":0,\"4\":1}]},\"8\":{\"1\":[{\"1\":2,\"2\":0,\"5\":{\"1\":2,\"2\":0}},{\"1\":0,\"2\":0,\"3\":3},{\"1\":1,\"2\":0,\"4\":1}]},\"10\":0,\"11\":4,\"12\":0,\"14\":{\"1\":2,\"2\":0},\"15\":\"\"Helvetica Neue\"\"}' data-sheets-value=\"{&quot;1&quot;:2,&quot;2&quot;:&quot;D\u00e9couvrez le vernis Anemone, un rouge lumineux et tr\u00e8s l\u00e9g\u00e8rement ros\u00e9. Une palette de couleurs vari\u00e9e de vernis est \u00e0 d\u00e9couvrir sur le site. \\n \\n Fabriqu\u00e9 en France. \\n \\n LE CONSEIL D'ASTRID\\n \\n Si vous n'avez pas encore test\u00e9 la manucure professionnelle avec ces vernis semi-permanents, commencer par vous acheter le kit qui contient tout ce qu'il faut pour d\u00e9buter: la lampe, la base, le top coat, la couleur et le dissolvant. \\n \\n LES PETITS PLUS\\n \\n Pinceaux qualit\u00e9 professionnelle\\n Se retire comme un vernis\\n Tenue jusqu'\u00e0 10 jours\\n Sans perturbateur endocrinien, ni mol\u00e9cule pr\u00e9sentant un risque allerg\u00e8ne\\n12-free\\n \\n COMPOSITION\\n \\r\\n 15ml\\n ethyl acetate, butyl acetate, nitrocellulose, hydroxyethyl acrylate\/IPDI\/PPG-15 glyceryl ether copolymer, acetyl tributyl citrate, isopropyl alcohol, bis-HEMA poly(1,4-butanediol)-9\/IPDI copolymer, stearalkonium bentonite, ethyl trimethylbenzoyl phenylphosphinate, CI 15850 ( red 7 lake), silica, diacetone alcohol, CI 73360 (red 30), BHT, phosphoric acid, CI 19140 (yellow 5 lake)\\n \\n Bio-sourc\u00e9s \u00e0 60%\\n\\n LA MARQUE\\n \\n - Les vernis clean -\\n \\n Manucurist propose depuis ses d\u00e9buts des vernis et des soins sains pour la peau et qui donnent le sourire gr\u00e2ce \u00e0 ses couleurs travaill\u00e9es et \u00e9l\u00e9gantes. La marque a lanc\u00e9 une petite r\u00e9volution avec ses vernis green semi-permanents aux ingr\u00e9dients les plus naturels possible. &quot;}\" data-mce-fragment=\"1\">ethyl acetate, butyl acetate, nitrocellulose, hydroxyethyl acrylate\/ipdi\/ppg-15 glyceryl ether copolymer, acetyl tributyl citrate, isopropyl alcohol, bis-hema poly(1,4-butanediol)-9\/ipdi copolymer, stearalkonium bentonite, ethyl trimethylbenzoyl phenylphosphinate, ci 77891 (titanium dioxide), ci 19140 (yellow 5 lake), diacetone alcohol, silica, bht, ci 77510 (ferric ammonium ferrocyanide), phosphoric acid <br data-mce-fragment=\"1\"><br data-mce-fragment=\"1\">Bio-sourc\u00e9s \u00e0 59,5%<br data-mce-fragment=\"1\"><br data-mce-fragment=\"1\"> LA MARQUE<br data-mce-fragment=\"1\"> <br data-mce-fragment=\"1\"> &#8211; Les vernis clean &#8211;<br data-mce-fragment=\"1\"> <br data-mce-fragment=\"1\"> Manucurist propose depuis ses d\u00e9buts des vernis et des soins sains pour la peau et qui donnent le sourire gr\u00e2ce \u00e0 ses couleurs travaill\u00e9es et \u00e9l\u00e9gantes. La marque a lanc\u00e9 une petite r\u00e9volution avec ses vernis green semi-permanents aux ingr\u00e9dients les plus naturels possible. <\/span><\/p>\n","protected":false},"excerpt":{"rendered":"<p>D\u00e9couvrez le vernis Petit pois, un vert vif qui en jette, id\u00e9al \u00e0 l&#8217;arriv\u00e9e des beaux jours. Une palette de couleurs vari\u00e9e de vernis est \u00e0 d\u00e9couvrir sur le site. Fabriqu\u00e9 en France. LE CONSEIL D&#8217;ASTRID Si vous n&#8217;avez pas encore test\u00e9 la manucure professionnelle avec ces vernis semi-permanents, commencer par vous acheter le kit [&hellip;]<\/p>\n","protected":false},"featured_media":657241,"comment_status":"open","ping_status":"closed","template":"","meta":[],"product_brand":[],"product_cat":[1756,1764],"product_tag":[1813],"acf":[],"_links":{"self":[{"href":"https:\/\/streetmarkets.fr\/app\/wp-json\/wp\/v2\/product\/657240"}],"collection":[{"href":"https:\/\/streetmarkets.fr\/app\/wp-json\/wp\/v2\/product"}],"about":[{"href":"https:\/\/streetmarkets.fr\/app\/wp-json\/wp\/v2\/types\/product"}],"replies":[{"embeddable":true,"href":"https:\/\/streetmarkets.fr\/app\/wp-json\/wp\/v2\/comments?post=657240"}],"wp:featuredmedia":[{"embeddable":true,"href":"https:\/\/streetmarkets.fr\/app\/wp-json\/wp\/v2\/media\/657241"}],"wp:attachment":[{"href":"https:\/\/streetmarkets.fr\/app\/wp-json\/wp\/v2\/media?parent=657240"}],"wp:term":[{"taxonomy":"product_brand","embeddable":true,"href":"https:\/\/streetmarkets.fr\/app\/wp-json\/wp\/v2\/product_brand?post=657240"},{"taxonomy":"product_cat","embeddable":true,"href":"https:\/\/streetmarkets.fr\/app\/wp-json\/wp\/v2\/product_cat?post=657240"},{"taxonomy":"product_tag","embeddable":true,"href":"https:\/\/streetmarkets.fr\/app\/wp-json\/wp\/v2\/product_tag?post=657240"}],"curies":[{"name":"wp","href":"https:\/\/api.w.org\/{rel}","templated":true}]}}