{"id":657215,"date":"2024-10-13T11:58:28","date_gmt":"2024-10-13T09:58:28","guid":{"rendered":"https:\/\/streetmarkets.fr\/app\/produit\/maillot-de-bain-blue-kyoto\/"},"modified":"2026-04-22T00:55:36","modified_gmt":"2026-04-21T22:55:36","slug":"maillot-de-bain-blue-kyoto","status":"publish","type":"product","link":"https:\/\/streetmarkets.fr\/app\/produit\/maillot-de-bain-blue-kyoto\/","title":{"rendered":"Maillot de bain &#8211; Blue Kyoto"},"content":{"rendered":"<p>\u00c7a sent bon l&#8217;\u00e9t\u00e9 avec les maillots de bain color\u00e9s de la marque Gili&#8217;s. Une coupe droite classique, une\u00a0ceinture \u00e9lastique resserr\u00e9e par un cordon qui vous permettra d&#8217;\u00eatre \u00e0 l&#8217;aise dans votre maillot. Des imprim\u00e9s inspir\u00e9s des voyages des cr\u00e9ateurs.\u00a0Le plus difficile est \u00e0 pr\u00e9sent de choisir son motif.\u00a0<\/p>\n<p>Fabriqu\u00e9 au Portugal<\/p>\n<p>LE CONSEIL D&#8217;ASTRID<\/p>\n<p>Un beau cadeau\u00a0qui fera toujours plaisir \u00e0 son conjoint, son fr\u00e8re ou encore son papa.\u00a0<\/p>\n<p>CONSEIL TAILLE<\/p>\n<p>Prenez votre taille habituelle. Entre 2 tailles, privil\u00e9giez la taille du dessus. Le mannequin\u00a0<span data-mce-fragment=\"1\">mesure 1m82 et porte une taille M.\u00a0<\/span><\/p>\n<p>DETAILS<\/p>\n<p>Fibres de polyester recycl\u00e9\u00a0<\/p>\n<ul>\n<li>Toile et filet garantissent un s\u00e9chage rapide<\/li>\n<li>Deux poches sur le c\u00f4t\u00e9<\/li>\n<li>Tissu r\u00e9sistant au chlore, au sel et au soleil<\/li>\n<li>Longueur mi-cuisse<\/li>\n<li>57% polyester recycl\u00e9, 43% polyester<\/li>\n<li>Tissu certifi\u00e9 Oeko-Tex<\/li>\n<li>Tissu r\u00e9sistant au chlore, au sel et au soleil<\/li>\n<\/ul>\n<p>CONSEIL ENTRETIEN<\/p>\n<ul>\n<li>Rincer \u00e0 l\u2019eau claire en fin de journ\u00e9e<\/li>\n<li>Lavez r\u00e9guli\u00e8rement en machine \u00e0 30\u00b0<\/li>\n<li>Pensez \u00e0\u00a0\u00e9tendre votre maillot apr\u00e8s usage pour qu\u2019il s\u00e8che correctement<\/li>\n<li>Eviter le s\u00e9chage en machine<\/li>\n<\/ul>\n<p>LA MARQUE<\/p>\n<p>&#8211; Les maillots de bain color\u00e9s et \u00e9co-con\u00e7us &#8211;\u00a0<\/p>\n<p>Gili&#8217;s, c&#8217;est l&#8217;histoire d&#8217;un voyage au loin dans les fameuses \u00eeles\u00a0<span data-mce-fragment=\"1\">Gili. Une marque inspir\u00e9e des diff\u00e9rents s\u00e9jours de\u00a0Clarisse et d\u2019Aymeric, et qui raconte des histoires au travers de chacun\u00a0de leurs motifs. C&#8217;est aussi une fabrication au circuit court qui prot\u00e8ge nos mers et nos oc\u00e9ans, et des mati\u00e8res qui durent dans le temps. Des couleurs, une \u00e9co-conception et une coupe esth\u00e9tique, c&#8217;est ce qui fait le charme de Gili&#8217;s.\u00a0<\/span><\/p>\n","protected":false},"excerpt":{"rendered":"<p>\u00c7a sent bon l&#8217;\u00e9t\u00e9 avec les maillots de bain color\u00e9s de la marque Gili&#8217;s. Une coupe droite classique, une\u00a0ceinture \u00e9lastique resserr\u00e9e par un cordon qui vous permettra d&#8217;\u00eatre \u00e0 l&#8217;aise dans votre maillot. Des imprim\u00e9s inspir\u00e9s des voyages des cr\u00e9ateurs.\u00a0Le plus difficile est \u00e0 pr\u00e9sent de choisir son motif.\u00a0 Fabriqu\u00e9 au Portugal LE CONSEIL D&#8217;ASTRID [&hellip;]<\/p>\n","protected":false},"featured_media":657216,"comment_status":"open","ping_status":"closed","template":"","meta":[],"product_brand":[],"product_cat":[1756,1762],"product_tag":[1813],"acf":[],"_links":{"self":[{"href":"https:\/\/streetmarkets.fr\/app\/wp-json\/wp\/v2\/product\/657215"}],"collection":[{"href":"https:\/\/streetmarkets.fr\/app\/wp-json\/wp\/v2\/product"}],"about":[{"href":"https:\/\/streetmarkets.fr\/app\/wp-json\/wp\/v2\/types\/product"}],"replies":[{"embeddable":true,"href":"https:\/\/streetmarkets.fr\/app\/wp-json\/wp\/v2\/comments?post=657215"}],"wp:featuredmedia":[{"embeddable":true,"href":"https:\/\/streetmarkets.fr\/app\/wp-json\/wp\/v2\/media\/657216"}],"wp:attachment":[{"href":"https:\/\/streetmarkets.fr\/app\/wp-json\/wp\/v2\/media?parent=657215"}],"wp:term":[{"taxonomy":"product_brand","embeddable":true,"href":"https:\/\/streetmarkets.fr\/app\/wp-json\/wp\/v2\/product_brand?post=657215"},{"taxonomy":"product_cat","embeddable":true,"href":"https:\/\/streetmarkets.fr\/app\/wp-json\/wp\/v2\/product_cat?post=657215"},{"taxonomy":"product_tag","embeddable":true,"href":"https:\/\/streetmarkets.fr\/app\/wp-json\/wp\/v2\/product_tag?post=657215"}],"curies":[{"name":"wp","href":"https:\/\/api.w.org\/{rel}","templated":true}]}}