{"id":657169,"date":"2024-10-13T11:58:15","date_gmt":"2024-10-13T09:58:15","guid":{"rendered":"https:\/\/streetmarkets.fr\/app\/produit\/milieu-rosa\/"},"modified":"2026-05-06T03:49:37","modified_gmt":"2026-05-06T01:49:37","slug":"milieu-rosa","status":"publish","type":"product","link":"https:\/\/streetmarkets.fr\/app\/produit\/milieu-rosa\/","title":{"rendered":"Milieu Rosa"},"content":{"rendered":"<p>Cr\u00e9e par Jean Claude Deville en 2014<\/p>\n<p>Type de parfum : rose floral\u00a0<br \/>MILIEU ROSA SE CARACT\u00c9RISE PAR DES COUCHES SUPERPOS\u00c9ES DE P\u00c9TALES DU HAUT<br \/>AU BAS. \u00c9GALEMENT LUMINEUSE, DOUCE, SUCR\u00c9E ET BOIS\u00c9E, CETTE COMPOSITION FLORALE LUMINEUSE<br \/>M\u00caLE LA ROSE MAROCAINE \u00c9PIC\u00c9E, LA ROSE DE MAI D\u00c9LICATE ET LA ROSE TURQUE OTTO MIELL\u00c9E<br \/>AVEC UNE L\u00c9G\u00c8RET\u00c9 \u00c9TERNELLE QUI D\u00c9PEINT UN ROSARIUM<br \/>CACH\u00c9 AU LOIN.<\/p>\n<p>NOTES DE HAUT : ROSE MAROCAINE FRAMBOISE, CASSIS, MIMOSA<br \/>NOTES DU MILIEU : ROSE DE MAI, G\u00c9RANIUM, JASMIN, HUILE DE LITSEA CUBEBA<br \/>NOTES DE FOND : ROSE TURQUE OTTO, BOIS AMBR\u00c9S, FEUILLES DE CH\u00caNE, V\u00c9TIVER<\/p>\n<p>Traduit avec DeepL.com (version gratuite)<\/p>\n","protected":false},"excerpt":{"rendered":"<p>Cr\u00e9e par Jean Claude Deville en 2014 Type de parfum : rose floral\u00a0MILIEU ROSA SE CARACT\u00c9RISE PAR DES COUCHES SUPERPOS\u00c9ES DE P\u00c9TALES DU HAUTAU BAS. \u00c9GALEMENT LUMINEUSE, DOUCE, SUCR\u00c9E ET BOIS\u00c9E, CETTE COMPOSITION FLORALE LUMINEUSEM\u00caLE LA ROSE MAROCAINE \u00c9PIC\u00c9E, LA ROSE DE MAI D\u00c9LICATE ET LA ROSE TURQUE OTTO MIELL\u00c9EAVEC UNE L\u00c9G\u00c8RET\u00c9 \u00c9TERNELLE QUI D\u00c9PEINT [&hellip;]<\/p>\n","protected":false},"featured_media":657170,"comment_status":"open","ping_status":"closed","template":"","meta":[],"product_brand":[],"product_cat":[1756,1760],"product_tag":[2244],"acf":[],"_links":{"self":[{"href":"https:\/\/streetmarkets.fr\/app\/wp-json\/wp\/v2\/product\/657169"}],"collection":[{"href":"https:\/\/streetmarkets.fr\/app\/wp-json\/wp\/v2\/product"}],"about":[{"href":"https:\/\/streetmarkets.fr\/app\/wp-json\/wp\/v2\/types\/product"}],"replies":[{"embeddable":true,"href":"https:\/\/streetmarkets.fr\/app\/wp-json\/wp\/v2\/comments?post=657169"}],"wp:featuredmedia":[{"embeddable":true,"href":"https:\/\/streetmarkets.fr\/app\/wp-json\/wp\/v2\/media\/657170"}],"wp:attachment":[{"href":"https:\/\/streetmarkets.fr\/app\/wp-json\/wp\/v2\/media?parent=657169"}],"wp:term":[{"taxonomy":"product_brand","embeddable":true,"href":"https:\/\/streetmarkets.fr\/app\/wp-json\/wp\/v2\/product_brand?post=657169"},{"taxonomy":"product_cat","embeddable":true,"href":"https:\/\/streetmarkets.fr\/app\/wp-json\/wp\/v2\/product_cat?post=657169"},{"taxonomy":"product_tag","embeddable":true,"href":"https:\/\/streetmarkets.fr\/app\/wp-json\/wp\/v2\/product_tag?post=657169"}],"curies":[{"name":"wp","href":"https:\/\/api.w.org\/{rel}","templated":true}]}}