{"id":656919,"date":"2024-10-13T11:57:50","date_gmt":"2024-10-13T09:57:50","guid":{"rendered":"https:\/\/streetmarkets.fr\/app\/produit\/ombre-a-paupieres-brun-roche\/"},"modified":"2026-05-06T00:55:49","modified_gmt":"2026-05-05T22:55:49","slug":"ombre-a-paupieres-brun-roche","status":"publish","type":"product","link":"https:\/\/streetmarkets.fr\/app\/produit\/ombre-a-paupieres-brun-roche\/","title":{"rendered":"Ombre \u00e0 paupi\u00e8res &#8211; Brun Roche"},"content":{"rendered":"<p>L&#8217;ombre \u00e0 paupi\u00e8res\u00a0Brun\u00a0Roche\u00a0r\u00e9chauffe naturellement le\u00a0regard\u00a0tout en laissant un fini subtil et mate.\u00a0Une<span data-mce-fragment=\"1\">\u00a0ombre naturelle qui vous procurera une exp\u00e9rience sensorielle unique gr\u00e2ce \u00e0 sa formule semi-solide \u00e0 base de cire v\u00e9g\u00e9tale.\u00a0Sa\u00a0texture\u00a0onctueuse se fondra instantan\u00e9ment sur vos paupi\u00e8res.\u00a0<\/span><\/p>\n<p>\u00c0 l&#8217;extrait d&#8217;huile de chanvre de Bretagne. Fabriqu\u00e9 en Bretagne. <\/p>\n<p><span><em><\/em><\/span><span>LE CONSEIL D&#8217;ASTRID<\/span><\/p>\n<p><span data-mce-fragment=\"1\">Apaisant et hydratant, le chanvre aide \u00e0 revitaliser la peau. Riche en acide gras essentiels, il redonne de l&#8217;\u00e9lasticit\u00e9 et de la douceur \u00e0 votre peau tout en pr\u00e9venant la d\u00e9shydratation.<\/span><\/p>\n<p>Un\u00a0jolie teinte taupe qui convient \u00e0 tous les regards.<\/p>\n<p>CONSEIL D&#8217;UTILISATION<\/p>\n<ul>\n<li>Chauffez la mati\u00e8re \u00e0 l&#8217;aide de votre doigt.\u00a0<\/li>\n<li>Pr\u00e9levez la quantit\u00e9 souhait\u00e9e pour un maquillage plus ou moins travaill\u00e9.<\/li>\n<li>Tapotez\u00a0ou\u00a0\u00e9tirez la mati\u00e8re sur vos paupi\u00e8res.<\/li>\n<li>Admirez\u00a0vos jolis yeux de biche.\u00a0<\/li>\n<\/ul>\n<p><span>LE PETIT PLUS<\/span><\/p>\n<p>Le chanvre s\u2019adapte \u00e0 une grande vari\u00e9t\u00e9 de sols. Ses r\u00e9sidus, riches en nutriments, am\u00e9liorent leur qualit\u00e9 et celle des r\u00e9coltes futures. Il d\u00e9pollue les sols en absorbant toxines et m\u00e9taux lourds tout en r\u00e9duisant les \u00e9missions de carbone.<\/p>\n<p>COMPOSITION<\/p>\n<ul>\n<li>Pot de 10g, soit 1 an d&#8217;utilisation minimum pour un usage quotidien.<\/li>\n<li>Not\u00e9<span>\u00a0<\/span><em>excellent<\/em><span>\u00a0<\/span>sur Yuka et INCI Beauty.\u00a0<\/li>\n<li>Ingr\u00e9dients :\u00a0<span data-mce-fragment=\"1\">Caprylic\/Capric Triglyceride, Behenyl Alcohol, Ricinus Communis Seed Oil*, Helianthus Annuus Seed Wax**, Mica, CI 77491, CI 77891, CI 77499, Trihydroxystearin, CI 77492, Cannabis Sativa Seed Oil*, Helianthus Annuus Seed Oil, Tocopherol, Polyhydroxystearic Acid<\/span><span data-mce-fragment=\"1\">.<\/span>\n<\/li>\n<\/ul>\n<p>*Ingr\u00e9dients issus de l&#8217;Agriculture Biologique.<\/p>\n<p>**Transform\u00e9s \u00e0 partir d&#8217;ingr\u00e9dients Biologiques.<\/p>\n<p><span>Ne contient pas :<\/span><\/p>\n<ul>\n<li><span>Parfum synth\u00e9tique<\/span><\/li>\n<li><span>Mati\u00e8res premi\u00e8res \u00e0 l\u2019\u00e9tat nano<\/span><\/li>\n<li><span>Sulfates<\/span><\/li>\n<li><span>Talc<\/span><\/li>\n<li><span>Phtalates<\/span><\/li>\n<\/ul>\n<p><i><span><\/span><\/i><span>LA MARQUE<\/span><\/p>\n<p><span>&#8211;\u00a0Du maquillage sensoriel bon pour soi et pour les sols &#8211;\u00a0\u00a0<\/span><\/p>\n<p><span>Eclo est une jeune marque de produits de maquillage du quotidien qui subliment naturellement. Formule\u0301s a\u0300 partir d\u2019ingre\u0301dients vegan, bio et 100% naturels, les produits Eclo \u00e0 la <\/span>texture baume onctueuse et fondante, se de\u0301clinent en une palette de couleurs universelles. Un maquillage qui contribue \u00e0 r\u00e9g\u00e9n\u00e9rer la plan\u00e8te gr\u00e2ce \u00e0 ses ingr\u00e9dients et ses packagings innovants, entie\u0300rement compostables.<\/p>\n","protected":false},"excerpt":{"rendered":"<p>L&#8217;ombre \u00e0 paupi\u00e8res\u00a0Brun\u00a0Roche\u00a0r\u00e9chauffe naturellement le\u00a0regard\u00a0tout en laissant un fini subtil et mate.\u00a0Une\u00a0ombre naturelle qui vous procurera une exp\u00e9rience sensorielle unique gr\u00e2ce \u00e0 sa formule semi-solide \u00e0 base de cire v\u00e9g\u00e9tale.\u00a0Sa\u00a0texture\u00a0onctueuse se fondra instantan\u00e9ment sur vos paupi\u00e8res.\u00a0 \u00c0 l&#8217;extrait d&#8217;huile de chanvre de Bretagne. Fabriqu\u00e9 en Bretagne. LE CONSEIL D&#8217;ASTRID Apaisant et hydratant, le chanvre aide [&hellip;]<\/p>\n","protected":false},"featured_media":656920,"comment_status":"open","ping_status":"closed","template":"","meta":[],"product_brand":[],"product_cat":[1756,1764],"product_tag":[1813],"acf":[],"_links":{"self":[{"href":"https:\/\/streetmarkets.fr\/app\/wp-json\/wp\/v2\/product\/656919"}],"collection":[{"href":"https:\/\/streetmarkets.fr\/app\/wp-json\/wp\/v2\/product"}],"about":[{"href":"https:\/\/streetmarkets.fr\/app\/wp-json\/wp\/v2\/types\/product"}],"replies":[{"embeddable":true,"href":"https:\/\/streetmarkets.fr\/app\/wp-json\/wp\/v2\/comments?post=656919"}],"wp:featuredmedia":[{"embeddable":true,"href":"https:\/\/streetmarkets.fr\/app\/wp-json\/wp\/v2\/media\/656920"}],"wp:attachment":[{"href":"https:\/\/streetmarkets.fr\/app\/wp-json\/wp\/v2\/media?parent=656919"}],"wp:term":[{"taxonomy":"product_brand","embeddable":true,"href":"https:\/\/streetmarkets.fr\/app\/wp-json\/wp\/v2\/product_brand?post=656919"},{"taxonomy":"product_cat","embeddable":true,"href":"https:\/\/streetmarkets.fr\/app\/wp-json\/wp\/v2\/product_cat?post=656919"},{"taxonomy":"product_tag","embeddable":true,"href":"https:\/\/streetmarkets.fr\/app\/wp-json\/wp\/v2\/product_tag?post=656919"}],"curies":[{"name":"wp","href":"https:\/\/api.w.org\/{rel}","templated":true}]}}