{"id":656788,"date":"2024-10-13T11:57:48","date_gmt":"2024-10-13T09:57:48","guid":{"rendered":"https:\/\/streetmarkets.fr\/app\/produit\/brassiere-level-up-kaki\/"},"modified":"2026-05-06T00:55:49","modified_gmt":"2026-05-05T22:55:49","slug":"brassiere-level-up-kaki","status":"publish","type":"product","link":"https:\/\/streetmarkets.fr\/app\/produit\/brassiere-level-up-kaki\/","title":{"rendered":"Brassi\u00e8re LEVEL UP &#8211; Kaki"},"content":{"rendered":"<p>La brassi\u00e8re Level Up est une brassi\u00e8re multisports\u00a0apportant un excellent maintien. Enti\u00e8rement doubl\u00e9e en Tencel TM elle vous apportera douceur et confort tout en favorisant\u00a0une certaine\u00a0durabilit\u00e9.<\/p>\n<p>Made in Europe.<\/p>\n<p>COMPOSITION<\/p>\n<p>Tissu ext\u00e9rieur :<\/p>\n<ul>\n<li>65% Polyamide reg\u00e9n\u00e9r\u00e9 Econyl\u00ae StayClean provenant de Slov\u00e9nie, tiss\u00e9 en Italie<\/li>\n<li>35% \u00c9lasthanne Lycra\u00ae provenant d&#8217;Irlande, tiss\u00e9 en Italie<\/li>\n<\/ul>\n<p>Tissu int\u00e9rieur :\u00a0<\/p>\n<ul>\n<li>90% Tencel\u2122 Lyocell Micro provenant d&#8217;Autriche, tiss\u00e9 en Autriche<\/li>\n<li>10% Elasthanne Roica\u2122 V550 provenant d&#8217;Allemagne, tiss\u00e9 en Autriche<\/li>\n<\/ul>\n<p>LE PETIT PLUS<\/p>\n<p>Le lyocell est une\u00a0mati\u00e8re<span>\u00a0<\/span><span data-mce-fragment=\"1\">organique compos\u00e9e de fibres naturelles\u00a0issues de for\u00eats durablement g\u00e9r\u00e9es. Un\u00a0tissu \u00e9cologique 100% pulpe de bois et biod\u00e9gradable.\u00a0<\/span><\/p>\n<p>LE CONSEIL D&#8217;ASTRID<\/p>\n<p>Vous pouvez assortir cette brassi\u00e8re avec le legging noir ou avec le kaki, pour compl\u00e9ter l&#8217;ensemble.\u00a0<\/p>\n<p>Le mannequin mesure 1m70 et porte une taille S.\u00a0<\/p>\n<p><span data-sheets-userformat='{\"2\":4799,\"3\":{\"1\":0},\"4\":{\"1\":2,\"2\":16776960},\"5\":{\"1\":[{\"1\":2,\"2\":0,\"5\":{\"1\":2,\"2\":0}},{\"1\":0,\"2\":0,\"3\":3},{\"1\":1,\"2\":0,\"4\":1}]},\"6\":{\"1\":[{\"1\":2,\"2\":0,\"5\":{\"1\":2,\"2\":0}},{\"1\":0,\"2\":0,\"3\":3},{\"1\":1,\"2\":0,\"4\":1}]},\"7\":{\"1\":[{\"1\":2,\"2\":0,\"5\":{\"1\":2,\"2\":0}},{\"1\":0,\"2\":0,\"3\":3},{\"1\":1,\"2\":0,\"4\":1}]},\"8\":{\"1\":[{\"1\":2,\"2\":0,\"5\":{\"1\":2,\"2\":0}},{\"1\":0,\"2\":0,\"3\":3},{\"1\":1,\"2\":0,\"4\":1}]},\"10\":2,\"12\":0,\"15\":\"Arial\"}' data-sheets-value=\"{&quot;1&quot;:2,&quot;2&quot;:&quot;D\u00e9couvrez le t-shirt couleur cr\u00e8me au col rond 100% organique certifi\u00e9 GOTS.\\n\\nFabriqu\u00e9 au Portugal.\\n\\nLES PETITS PLUS\\n\\nCouleur Ecru &amp; logo vert\\nImpressions label Oeko-Tex\u00ae standard 100\\nCol rond et \u00e9tiquette G\\n\\nLE CONSEIL D'ASTRID\\nCe t-shirt \u00e0 la coupe un peu ample, ira tr\u00e8s bien avec une jupe d\u00e8s le printemps ou un pantalon sous une veste en jean. \\n\\nCONSEILS D'ENTRETIEN\\n\\nLaver d\u00e9licatement \u00e0 30\u00b0C. \\n\\nLA MARQUE\\n\\nGraine Clothing, un duo p\u00e8re-fille imaginant les essentiels conjuguant vie citadine et quotidien en pleine nature.&quot;}\" data-mce-fragment=\"1\">CONSEILS D&#8217;ENTRETIEN<\/span><\/p>\n<p><span data-sheets-userformat='{\"2\":4799,\"3\":{\"1\":0},\"4\":{\"1\":2,\"2\":16776960},\"5\":{\"1\":[{\"1\":2,\"2\":0,\"5\":{\"1\":2,\"2\":0}},{\"1\":0,\"2\":0,\"3\":3},{\"1\":1,\"2\":0,\"4\":1}]},\"6\":{\"1\":[{\"1\":2,\"2\":0,\"5\":{\"1\":2,\"2\":0}},{\"1\":0,\"2\":0,\"3\":3},{\"1\":1,\"2\":0,\"4\":1}]},\"7\":{\"1\":[{\"1\":2,\"2\":0,\"5\":{\"1\":2,\"2\":0}},{\"1\":0,\"2\":0,\"3\":3},{\"1\":1,\"2\":0,\"4\":1}]},\"8\":{\"1\":[{\"1\":2,\"2\":0,\"5\":{\"1\":2,\"2\":0}},{\"1\":0,\"2\":0,\"3\":3},{\"1\":1,\"2\":0,\"4\":1}]},\"10\":2,\"12\":0,\"15\":\"Arial\"}' data-sheets-value=\"{&quot;1&quot;:2,&quot;2&quot;:&quot;D\u00e9couvrez le t-shirt couleur cr\u00e8me au col rond 100% organique certifi\u00e9 GOTS.\\n\\nFabriqu\u00e9 au Portugal.\\n\\nLES PETITS PLUS\\n\\nCouleur Ecru &amp; logo vert\\nImpressions label Oeko-Tex\u00ae standard 100\\nCol rond et \u00e9tiquette G\\n\\nLE CONSEIL D'ASTRID\\nCe t-shirt \u00e0 la coupe un peu ample, ira tr\u00e8s bien avec une jupe d\u00e8s le printemps ou un pantalon sous une veste en jean. \\n\\nCONSEILS D'ENTRETIEN\\n\\nLaver d\u00e9licatement \u00e0 30\u00b0C. \\n\\nLA MARQUE\\n\\nGraine Clothing, un duo p\u00e8re-fille imaginant les essentiels conjuguant vie citadine et quotidien en pleine nature.&quot;}\" data-mce-fragment=\"1\">Laver \u00e0 l&#8217;envers \u00e0 30\u00b0C.\u00a0<\/span><\/p>\n<p><span data-sheets-userformat='{\"2\":4799,\"3\":{\"1\":0},\"4\":{\"1\":2,\"2\":16776960},\"5\":{\"1\":[{\"1\":2,\"2\":0,\"5\":{\"1\":2,\"2\":0}},{\"1\":0,\"2\":0,\"3\":3},{\"1\":1,\"2\":0,\"4\":1}]},\"6\":{\"1\":[{\"1\":2,\"2\":0,\"5\":{\"1\":2,\"2\":0}},{\"1\":0,\"2\":0,\"3\":3},{\"1\":1,\"2\":0,\"4\":1}]},\"7\":{\"1\":[{\"1\":2,\"2\":0,\"5\":{\"1\":2,\"2\":0}},{\"1\":0,\"2\":0,\"3\":3},{\"1\":1,\"2\":0,\"4\":1}]},\"8\":{\"1\":[{\"1\":2,\"2\":0,\"5\":{\"1\":2,\"2\":0}},{\"1\":0,\"2\":0,\"3\":3},{\"1\":1,\"2\":0,\"4\":1}]},\"10\":2,\"12\":0,\"15\":\"Arial\"}' data-sheets-value=\"{&quot;1&quot;:2,&quot;2&quot;:&quot;D\u00e9couvrez le t-shirt couleur cr\u00e8me au col rond 100% organique certifi\u00e9 GOTS.\\n\\nFabriqu\u00e9 au Portugal.\\n\\nLES PETITS PLUS\\n\\nCouleur Ecru &amp; logo vert\\nImpressions label Oeko-Tex\u00ae standard 100\\nCol rond et \u00e9tiquette G\\n\\nLE CONSEIL D'ASTRID\\nCe t-shirt \u00e0 la coupe un peu ample, ira tr\u00e8s bien avec une jupe d\u00e8s le printemps ou un pantalon sous une veste en jean. \\n\\nCONSEILS D'ENTRETIEN\\n\\nLaver d\u00e9licatement \u00e0 30\u00b0C. \\n\\nLA MARQUE\\n\\nGraine Clothing, un duo p\u00e8re-fille imaginant les essentiels conjuguant vie citadine et quotidien en pleine nature.&quot;}\" data-mce-fragment=\"1\">Ne pas mettre au s\u00e8che-linge.\u00a0<\/span><\/p>\n<p><span data-sheets-userformat='{\"2\":4799,\"3\":{\"1\":0},\"4\":{\"1\":2,\"2\":16776960},\"5\":{\"1\":[{\"1\":2,\"2\":0,\"5\":{\"1\":2,\"2\":0}},{\"1\":0,\"2\":0,\"3\":3},{\"1\":1,\"2\":0,\"4\":1}]},\"6\":{\"1\":[{\"1\":2,\"2\":0,\"5\":{\"1\":2,\"2\":0}},{\"1\":0,\"2\":0,\"3\":3},{\"1\":1,\"2\":0,\"4\":1}]},\"7\":{\"1\":[{\"1\":2,\"2\":0,\"5\":{\"1\":2,\"2\":0}},{\"1\":0,\"2\":0,\"3\":3},{\"1\":1,\"2\":0,\"4\":1}]},\"8\":{\"1\":[{\"1\":2,\"2\":0,\"5\":{\"1\":2,\"2\":0}},{\"1\":0,\"2\":0,\"3\":3},{\"1\":1,\"2\":0,\"4\":1}]},\"10\":2,\"12\":0,\"15\":\"Arial\"}' data-sheets-value=\"{&quot;1&quot;:2,&quot;2&quot;:&quot;D\u00e9couvrez le t-shirt couleur cr\u00e8me au col rond 100% organique certifi\u00e9 GOTS.\\n\\nFabriqu\u00e9 au Portugal.\\n\\nLES PETITS PLUS\\n\\nCouleur Ecru &amp; logo vert\\nImpressions label Oeko-Tex\u00ae standard 100\\nCol rond et \u00e9tiquette G\\n\\nLE CONSEIL D'ASTRID\\nCe t-shirt \u00e0 la coupe un peu ample, ira tr\u00e8s bien avec une jupe d\u00e8s le printemps ou un pantalon sous une veste en jean. \\n\\nCONSEILS D'ENTRETIEN\\n\\nLaver d\u00e9licatement \u00e0 30\u00b0C. \\n\\nLA MARQUE\\n\\nGraine Clothing, un duo p\u00e8re-fille imaginant les essentiels conjuguant vie citadine et quotidien en pleine nature.&quot;}\" data-mce-fragment=\"1\">\u00c0 repasser seulement \u00e0 basse temp\u00e9rature (110\u00b0C).\u00a0<\/span><\/p>\n<p><span data-sheets-userformat='{\"2\":4799,\"3\":{\"1\":0},\"4\":{\"1\":2,\"2\":16776960},\"5\":{\"1\":[{\"1\":2,\"2\":0,\"5\":{\"1\":2,\"2\":0}},{\"1\":0,\"2\":0,\"3\":3},{\"1\":1,\"2\":0,\"4\":1}]},\"6\":{\"1\":[{\"1\":2,\"2\":0,\"5\":{\"1\":2,\"2\":0}},{\"1\":0,\"2\":0,\"3\":3},{\"1\":1,\"2\":0,\"4\":1}]},\"7\":{\"1\":[{\"1\":2,\"2\":0,\"5\":{\"1\":2,\"2\":0}},{\"1\":0,\"2\":0,\"3\":3},{\"1\":1,\"2\":0,\"4\":1}]},\"8\":{\"1\":[{\"1\":2,\"2\":0,\"5\":{\"1\":2,\"2\":0}},{\"1\":0,\"2\":0,\"3\":3},{\"1\":1,\"2\":0,\"4\":1}]},\"10\":2,\"12\":0,\"15\":\"Arial\"}' data-sheets-value=\"{&quot;1&quot;:2,&quot;2&quot;:&quot;D\u00e9couvrez le t-shirt couleur cr\u00e8me au col rond 100% organique certifi\u00e9 GOTS.\\n\\nFabriqu\u00e9 au Portugal.\\n\\nLES PETITS PLUS\\n\\nCouleur Ecru &amp; logo vert\\nImpressions label Oeko-Tex\u00ae standard 100\\nCol rond et \u00e9tiquette G\\n\\nLE CONSEIL D'ASTRID\\nCe t-shirt \u00e0 la coupe un peu ample, ira tr\u00e8s bien avec une jupe d\u00e8s le printemps ou un pantalon sous une veste en jean. \\n\\nCONSEILS D'ENTRETIEN\\n\\nLaver d\u00e9licatement \u00e0 30\u00b0C. \\n\\nLA MARQUE\\n\\nGraine Clothing, un duo p\u00e8re-fille imaginant les essentiels conjuguant vie citadine et quotidien en pleine nature.&quot;}\" data-mce-fragment=\"1\">LA MARQUE<\/span><\/p>\n<p data-mce-fragment=\"1\"><span data-sheets-userformat='{\"2\":4799,\"3\":{\"1\":0},\"4\":{\"1\":2,\"2\":16776960},\"5\":{\"1\":[{\"1\":2,\"2\":0,\"5\":{\"1\":2,\"2\":0}},{\"1\":0,\"2\":0,\"3\":3},{\"1\":1,\"2\":0,\"4\":1}]},\"6\":{\"1\":[{\"1\":2,\"2\":0,\"5\":{\"1\":2,\"2\":0}},{\"1\":0,\"2\":0,\"3\":3},{\"1\":1,\"2\":0,\"4\":1}]},\"7\":{\"1\":[{\"1\":2,\"2\":0,\"5\":{\"1\":2,\"2\":0}},{\"1\":0,\"2\":0,\"3\":3},{\"1\":1,\"2\":0,\"4\":1}]},\"8\":{\"1\":[{\"1\":2,\"2\":0,\"5\":{\"1\":2,\"2\":0}},{\"1\":0,\"2\":0,\"3\":3},{\"1\":1,\"2\":0,\"4\":1}]},\"10\":2,\"12\":0,\"15\":\"Arial\"}' data-sheets-value=\"{&quot;1&quot;:2,&quot;2&quot;:&quot;D\u00e9couvrez le t-shirt couleur cr\u00e8me au col rond 100% organique certifi\u00e9 GOTS.\\n\\nFabriqu\u00e9 au Portugal.\\n\\nLES PETITS PLUS\\n\\nCouleur Ecru &amp; logo vert\\nImpressions label Oeko-Tex\u00ae standard 100\\nCol rond et \u00e9tiquette G\\n\\nLE CONSEIL D'ASTRID\\nCe t-shirt \u00e0 la coupe un peu ample, ira tr\u00e8s bien avec une jupe d\u00e8s le printemps ou un pantalon sous une veste en jean. \\n\\nCONSEILS D'ENTRETIEN\\n\\nLaver d\u00e9licatement \u00e0 30\u00b0C. \\n\\nLA MARQUE\\n\\nGraine Clothing, un duo p\u00e8re-fille imaginant les essentiels conjuguant vie citadine et quotidien en pleine nature.&quot;}\" data-mce-fragment=\"1\">&#8211;\u00a0 La marque de sport \u00e9thique et \u00e9co-responsable &#8211;\u00a0<\/span><\/p>\n<p data-mce-fragment=\"1\"><span>Circle Sportswear est une jeune marque fran\u00e7aise pionni\u00e8re dans les v\u00eatements de sport \u00e9thiques.\u00a0R<\/span><span>econnue comme la marque de sport la plus \u00e9co-responsable\u00a0au monde par ClearFashion,\u00a0elle propose des produits fabriqu\u00e9s en Europe \u00e0 partir de mat\u00e9riaux recycl\u00e9s et 100% recyclables.\u00a0<\/span><\/p>\n","protected":false},"excerpt":{"rendered":"<p>La brassi\u00e8re Level Up est une brassi\u00e8re multisports\u00a0apportant un excellent maintien. Enti\u00e8rement doubl\u00e9e en Tencel TM elle vous apportera douceur et confort tout en favorisant\u00a0une certaine\u00a0durabilit\u00e9. Made in Europe. COMPOSITION Tissu ext\u00e9rieur : 65% Polyamide reg\u00e9n\u00e9r\u00e9 Econyl\u00ae StayClean provenant de Slov\u00e9nie, tiss\u00e9 en Italie 35% \u00c9lasthanne Lycra\u00ae provenant d&#8217;Irlande, tiss\u00e9 en Italie Tissu int\u00e9rieur :\u00a0 [&hellip;]<\/p>\n","protected":false},"featured_media":656789,"comment_status":"open","ping_status":"closed","template":"","meta":[],"product_brand":[],"product_cat":[1756,1762],"product_tag":[1813],"acf":[],"_links":{"self":[{"href":"https:\/\/streetmarkets.fr\/app\/wp-json\/wp\/v2\/product\/656788"}],"collection":[{"href":"https:\/\/streetmarkets.fr\/app\/wp-json\/wp\/v2\/product"}],"about":[{"href":"https:\/\/streetmarkets.fr\/app\/wp-json\/wp\/v2\/types\/product"}],"replies":[{"embeddable":true,"href":"https:\/\/streetmarkets.fr\/app\/wp-json\/wp\/v2\/comments?post=656788"}],"wp:featuredmedia":[{"embeddable":true,"href":"https:\/\/streetmarkets.fr\/app\/wp-json\/wp\/v2\/media\/656789"}],"wp:attachment":[{"href":"https:\/\/streetmarkets.fr\/app\/wp-json\/wp\/v2\/media?parent=656788"}],"wp:term":[{"taxonomy":"product_brand","embeddable":true,"href":"https:\/\/streetmarkets.fr\/app\/wp-json\/wp\/v2\/product_brand?post=656788"},{"taxonomy":"product_cat","embeddable":true,"href":"https:\/\/streetmarkets.fr\/app\/wp-json\/wp\/v2\/product_cat?post=656788"},{"taxonomy":"product_tag","embeddable":true,"href":"https:\/\/streetmarkets.fr\/app\/wp-json\/wp\/v2\/product_tag?post=656788"}],"curies":[{"name":"wp","href":"https:\/\/api.w.org\/{rel}","templated":true}]}}