{"id":656756,"date":"2024-10-13T11:57:48","date_gmt":"2024-10-13T09:57:48","guid":{"rendered":"https:\/\/streetmarkets.fr\/app\/produit\/candle-the-chimney-light\/"},"modified":"2026-04-11T03:49:41","modified_gmt":"2026-04-11T01:49:41","slug":"candle-the-chimney-light","status":"publish","type":"product","link":"https:\/\/streetmarkets.fr\/app\/produit\/candle-the-chimney-light\/","title":{"rendered":"Candle &#8211; The Chimney Light"},"content":{"rendered":"<p><span style=\"float: none;background-color: transparent;color: #000000;font-family: 'Helvetica Neue',Helvetica,Arial,sans-serif;font-size: 15px;font-style: normal;font-variant: normal;font-weight: 400;letter-spacing: normal;line-height: 21px;text-align: left;text-decoration: none;text-indent: 0px;text-transform: none\">Fond\u00e9e \u00e0 Paris en juin 2013 par Rami Mekdachi et la famille Mekdachi, Lola James Harper cr\u00e9e et commercialise une gamme de bougies, sprays d&#8217;int\u00e9rieur et parfums, qui traduisent des moments, des lieux et des amiti\u00e9s les plus ch\u00e9ris.<\/span><\/p>\n","protected":false},"excerpt":{"rendered":"<p>Fond\u00e9e \u00e0 Paris en juin 2013 par Rami Mekdachi et la famille Mekdachi, Lola James Harper cr\u00e9e et commercialise une gamme de bougies, sprays d&#8217;int\u00e9rieur et parfums, qui traduisent des moments, des lieux et des amiti\u00e9s les plus ch\u00e9ris.<\/p>\n","protected":false},"featured_media":656757,"comment_status":"open","ping_status":"closed","template":"","meta":[],"product_brand":[],"product_cat":[1756,1764,1760],"product_tag":[2244],"acf":[],"_links":{"self":[{"href":"https:\/\/streetmarkets.fr\/app\/wp-json\/wp\/v2\/product\/656756"}],"collection":[{"href":"https:\/\/streetmarkets.fr\/app\/wp-json\/wp\/v2\/product"}],"about":[{"href":"https:\/\/streetmarkets.fr\/app\/wp-json\/wp\/v2\/types\/product"}],"replies":[{"embeddable":true,"href":"https:\/\/streetmarkets.fr\/app\/wp-json\/wp\/v2\/comments?post=656756"}],"wp:featuredmedia":[{"embeddable":true,"href":"https:\/\/streetmarkets.fr\/app\/wp-json\/wp\/v2\/media\/656757"}],"wp:attachment":[{"href":"https:\/\/streetmarkets.fr\/app\/wp-json\/wp\/v2\/media?parent=656756"}],"wp:term":[{"taxonomy":"product_brand","embeddable":true,"href":"https:\/\/streetmarkets.fr\/app\/wp-json\/wp\/v2\/product_brand?post=656756"},{"taxonomy":"product_cat","embeddable":true,"href":"https:\/\/streetmarkets.fr\/app\/wp-json\/wp\/v2\/product_cat?post=656756"},{"taxonomy":"product_tag","embeddable":true,"href":"https:\/\/streetmarkets.fr\/app\/wp-json\/wp\/v2\/product_tag?post=656756"}],"curies":[{"name":"wp","href":"https:\/\/api.w.org\/{rel}","templated":true}]}}