{"id":656513,"date":"2024-10-13T11:57:24","date_gmt":"2024-10-13T09:57:24","guid":{"rendered":"https:\/\/streetmarkets.fr\/app\/produit\/lampe-double-cercle-en-bois-30-et-60cm\/"},"modified":"2026-05-02T00:55:54","modified_gmt":"2026-05-01T22:55:54","slug":"lampe-double-cercle-en-bois-30-et-60cm","status":"publish","type":"product","link":"https:\/\/streetmarkets.fr\/app\/produit\/lampe-double-cercle-en-bois-30-et-60cm\/","title":{"rendered":"Lampe double cercle en bois &#8211; 30 et 60cm"},"content":{"rendered":"<p>La lampe double cercle est le luminaire qui r\u00e9veillera votre int\u00e9rieur. Avec son halo naturel et apaisant, cette lampe aux lignes fines et \u00e9pur\u00e9es est l&#8217;objet de d\u00e9coration qui fera son effet. Elle \u00e9claire gr\u00e2ce \u00e0 ses leds blancs et chaleureux.<\/p>\n<p>Fabriqu\u00e9 en r\u00e9gion parisienne \u00e0 Anthony.\u00a0<\/p>\n<p>MAT\u00c9RIAUX<br data-mce-fragment=\"1\"><br data-mce-fragment=\"1\">Bois de h\u00eatre massif. <br data-mce-fragment=\"1\"><br data-mce-fragment=\"1\">DIMENSIONS<br data-mce-fragment=\"1\"><br data-mce-fragment=\"1\">60 cm de diam\u00e8tre ext\u00e9rieur, ruban de 30 leds blancs chauds. 30 cm de diam\u00e8tre du cercle int\u00e9rieur. <br data-mce-fragment=\"1\">Syst\u00e8me \u00e9lectrique de 2,20 m\u00e8tres, comprenant un interrupteur et un transformateur de couleur blanche.<br data-mce-fragment=\"1\">Normes CE, dur\u00e9e de vie 50 000 heures.<\/p>\n<p>LE CONSEIL D&#8217;ASTRID<\/p>\n<p>Cette lampe prendra sa place \u00e0 tous les endroits de votre int\u00e9rieur. A poser sur une chemin\u00e9e, en table de chevet dans votre chambre, sur un meuble bas dans le salon. Elle est aussi tr\u00e8s belle associ\u00e9e au petit mod\u00e8le de 40cm. <\/p>\n<p>LA MARQUE<\/p>\n<p>&#8211; Les cercles lumineux chaleureux &#8211;<\/p>\n<p>Derri\u00e8re comme un rayon de soleil, se cache Caroline,une jeune femme qui lan\u00e7a la marque en 2016 en imaginant un v\u00e9ritable objet lumineux et r\u00e9confortant qui nous \u00e9claire au quotidien. Elles sont fabriqu\u00e9es en France \u00e0 partir de bois de h\u00eatre massif, un mat\u00e9riau noble, \u00e9cologique et recyclable. Elle met aussi du c\u0153ur dans sa fabrication en travaillant avec un &#8220;ESAT&#8221; (service d\u2019aide par le travail) en r\u00e9gion parisienne.<\/p>\n","protected":false},"excerpt":{"rendered":"<p>La lampe double cercle est le luminaire qui r\u00e9veillera votre int\u00e9rieur. Avec son halo naturel et apaisant, cette lampe aux lignes fines et \u00e9pur\u00e9es est l&#8217;objet de d\u00e9coration qui fera son effet. Elle \u00e9claire gr\u00e2ce \u00e0 ses leds blancs et chaleureux. Fabriqu\u00e9 en r\u00e9gion parisienne \u00e0 Anthony.\u00a0 MAT\u00c9RIAUXBois de h\u00eatre massif. DIMENSIONS60 cm de diam\u00e8tre [&hellip;]<\/p>\n","protected":false},"featured_media":656514,"comment_status":"open","ping_status":"closed","template":"","meta":[],"product_brand":[],"product_cat":[1756,1764],"product_tag":[1813],"acf":[],"_links":{"self":[{"href":"https:\/\/streetmarkets.fr\/app\/wp-json\/wp\/v2\/product\/656513"}],"collection":[{"href":"https:\/\/streetmarkets.fr\/app\/wp-json\/wp\/v2\/product"}],"about":[{"href":"https:\/\/streetmarkets.fr\/app\/wp-json\/wp\/v2\/types\/product"}],"replies":[{"embeddable":true,"href":"https:\/\/streetmarkets.fr\/app\/wp-json\/wp\/v2\/comments?post=656513"}],"wp:featuredmedia":[{"embeddable":true,"href":"https:\/\/streetmarkets.fr\/app\/wp-json\/wp\/v2\/media\/656514"}],"wp:attachment":[{"href":"https:\/\/streetmarkets.fr\/app\/wp-json\/wp\/v2\/media?parent=656513"}],"wp:term":[{"taxonomy":"product_brand","embeddable":true,"href":"https:\/\/streetmarkets.fr\/app\/wp-json\/wp\/v2\/product_brand?post=656513"},{"taxonomy":"product_cat","embeddable":true,"href":"https:\/\/streetmarkets.fr\/app\/wp-json\/wp\/v2\/product_cat?post=656513"},{"taxonomy":"product_tag","embeddable":true,"href":"https:\/\/streetmarkets.fr\/app\/wp-json\/wp\/v2\/product_tag?post=656513"}],"curies":[{"name":"wp","href":"https:\/\/api.w.org\/{rel}","templated":true}]}}