{"id":656489,"date":"2024-10-13T11:57:24","date_gmt":"2024-10-13T09:57:24","guid":{"rendered":"https:\/\/streetmarkets.fr\/app\/produit\/lampe-eclipse-cannage-et-lin-50cm\/"},"modified":"2026-05-11T00:55:31","modified_gmt":"2026-05-10T22:55:31","slug":"lampe-eclipse-cannage-et-lin-50cm","status":"publish","type":"product","link":"https:\/\/streetmarkets.fr\/app\/produit\/lampe-eclipse-cannage-et-lin-50cm\/","title":{"rendered":"Lampe \u00c9clipse cannage et lin &#8211; 50cm"},"content":{"rendered":"<p data-mce-fragment=\"1\"><span data-mce-fragment=\"1\">Cette suspension est un m\u00e9lange de mat\u00e9riaux naturels aux lignes graphiques et a\u00e9riennes formant un v\u00e9ritable objet de d\u00e9coration contemporain. Sa lumi\u00e8re douce et tamis\u00e9e apportera \u00e0 votre int\u00e9rieur une ambiance apaisante et r\u00e9confortante.\u00a0<\/span><\/p>\n<p data-mce-fragment=\"1\"><span data-mce-fragment=\"1\">Fabriqu\u00e9 en France<\/span><\/p>\n<p data-mce-fragment=\"1\"><span data-mce-fragment=\"1\">LE CONSEIL D&#8217;ASTRID<\/span><\/p>\n<p data-mce-fragment=\"1\"><span data-mce-fragment=\"1\">Dans un salon ou dans une salle \u00e0 manger, cette suspension contemporaine rendra votre int\u00e9rieur d\u2019autant plus <\/span><i data-mce-fragment=\"1\"><span data-mce-fragment=\"1\">cosy<\/span><\/i><span data-mce-fragment=\"1\">. <\/span><span data-mce-fragment=\"1\">Associez ce mod\u00e8le avec la grande <\/span><span data-mce-fragment=\"1\">suspension pour un effet wahou.<\/span><\/p>\n<p data-mce-fragment=\"1\"><span data-mce-fragment=\"1\">MAT\u00c9RIAUX<\/span><\/p>\n<p data-mce-fragment=\"1\"><span data-mce-fragment=\"1\">Cannage et lin noir ou beige et fil \u00e9lectrique torsad\u00e9 en lin.\u00a0<\/span><\/p>\n<p data-mce-fragment=\"1\"><span data-mce-fragment=\"1\">DIMENSIONS<\/span><\/p>\n<ul>\n<li><span data-mce-fragment=\"1\">50 cm de diam\u00e8tre\u00a0<\/span><\/li>\n<li><span>17cm de hauteur totale\u00a0<\/span><\/li>\n<li><span>1m de c\u00e2ble <\/span><\/li>\n<\/ul>\n<p><span>D\u00c9LAI DE LIVRAISON<\/span><\/p>\n<p><span>15 jours<\/span><\/p>\n<p><span>LA MARQUE<\/span><\/p>\n<p><span>&#8211; <\/span><span>Le petit mobilier minimaliste<\/span><span> &#8211;<\/span><\/p>\n<p><span>Anne-Sophie cr\u00e9e et imagine de la d\u00e9coration minimaliste, authentique, et artisanale en faisant la part belle aux mat\u00e9riaux naturels et bruts. Elle confie sa fabrication \u00e0 des artisans et des entreprises fran\u00e7aises et met ainsi en avant leur savoir-faire. Intemporels, ses petits objets de d\u00e9coration trouveront forc\u00e9ment leur place dans un int\u00e9rieur.<\/span><\/p>\n","protected":false},"excerpt":{"rendered":"<p>Cette suspension est un m\u00e9lange de mat\u00e9riaux naturels aux lignes graphiques et a\u00e9riennes formant un v\u00e9ritable objet de d\u00e9coration contemporain. Sa lumi\u00e8re douce et tamis\u00e9e apportera \u00e0 votre int\u00e9rieur une ambiance apaisante et r\u00e9confortante.\u00a0 Fabriqu\u00e9 en France LE CONSEIL D&#8217;ASTRID Dans un salon ou dans une salle \u00e0 manger, cette suspension contemporaine rendra votre int\u00e9rieur [&hellip;]<\/p>\n","protected":false},"featured_media":656490,"comment_status":"open","ping_status":"closed","template":"","meta":[],"product_brand":[],"product_cat":[1756,1764],"product_tag":[1813],"acf":[],"_links":{"self":[{"href":"https:\/\/streetmarkets.fr\/app\/wp-json\/wp\/v2\/product\/656489"}],"collection":[{"href":"https:\/\/streetmarkets.fr\/app\/wp-json\/wp\/v2\/product"}],"about":[{"href":"https:\/\/streetmarkets.fr\/app\/wp-json\/wp\/v2\/types\/product"}],"replies":[{"embeddable":true,"href":"https:\/\/streetmarkets.fr\/app\/wp-json\/wp\/v2\/comments?post=656489"}],"wp:featuredmedia":[{"embeddable":true,"href":"https:\/\/streetmarkets.fr\/app\/wp-json\/wp\/v2\/media\/656490"}],"wp:attachment":[{"href":"https:\/\/streetmarkets.fr\/app\/wp-json\/wp\/v2\/media?parent=656489"}],"wp:term":[{"taxonomy":"product_brand","embeddable":true,"href":"https:\/\/streetmarkets.fr\/app\/wp-json\/wp\/v2\/product_brand?post=656489"},{"taxonomy":"product_cat","embeddable":true,"href":"https:\/\/streetmarkets.fr\/app\/wp-json\/wp\/v2\/product_cat?post=656489"},{"taxonomy":"product_tag","embeddable":true,"href":"https:\/\/streetmarkets.fr\/app\/wp-json\/wp\/v2\/product_tag?post=656489"}],"curies":[{"name":"wp","href":"https:\/\/api.w.org\/{rel}","templated":true}]}}