{"id":648825,"date":"2024-10-11T12:06:19","date_gmt":"2024-10-11T10:06:19","guid":{"rendered":"https:\/\/streetmarkets.fr\/app\/produit\/robe-bastille-bleue\/"},"modified":"2026-05-07T05:21:25","modified_gmt":"2026-05-07T03:21:25","slug":"robe-bastille-bleue","status":"publish","type":"product","link":"https:\/\/streetmarkets.fr\/app\/produit\/robe-bastille-bleue\/","title":{"rendered":"ROBE BASTILLE bleue"},"content":{"rendered":"<p>Robe en double gaze de coton imprim\u00e9e.<br \/>\nFinitions en tulle au manche et d\u00e9tails.<br \/>\nElastique \u00e0 la taille.<br \/>\nJupe doubl\u00e9e de voile de coton.<\/p>\n<p>Prix: 229\u20ac  SOLDES -50% :114,50\u20ac<br \/>\n(Vendue sans la ceinture)<\/p>\n","protected":false},"excerpt":{"rendered":"<p>Robe en double gaze de coton imprim\u00e9e. Finitions en tulle au manche et d\u00e9tails. Elastique \u00e0 la taille. Jupe doubl\u00e9e de voile de coton. Prix: 229\u20ac SOLDES -50% :114,50\u20ac (Vendue sans la ceinture)<\/p>\n","protected":false},"featured_media":648826,"comment_status":"open","ping_status":"closed","template":"","meta":[],"product_brand":[1310],"product_cat":[1756,1762],"product_tag":[1813],"acf":[],"_links":{"self":[{"href":"https:\/\/streetmarkets.fr\/app\/wp-json\/wp\/v2\/product\/648825"}],"collection":[{"href":"https:\/\/streetmarkets.fr\/app\/wp-json\/wp\/v2\/product"}],"about":[{"href":"https:\/\/streetmarkets.fr\/app\/wp-json\/wp\/v2\/types\/product"}],"replies":[{"embeddable":true,"href":"https:\/\/streetmarkets.fr\/app\/wp-json\/wp\/v2\/comments?post=648825"}],"wp:featuredmedia":[{"embeddable":true,"href":"https:\/\/streetmarkets.fr\/app\/wp-json\/wp\/v2\/media\/648826"}],"wp:attachment":[{"href":"https:\/\/streetmarkets.fr\/app\/wp-json\/wp\/v2\/media?parent=648825"}],"wp:term":[{"taxonomy":"product_brand","embeddable":true,"href":"https:\/\/streetmarkets.fr\/app\/wp-json\/wp\/v2\/product_brand?post=648825"},{"taxonomy":"product_cat","embeddable":true,"href":"https:\/\/streetmarkets.fr\/app\/wp-json\/wp\/v2\/product_cat?post=648825"},{"taxonomy":"product_tag","embeddable":true,"href":"https:\/\/streetmarkets.fr\/app\/wp-json\/wp\/v2\/product_tag?post=648825"}],"curies":[{"name":"wp","href":"https:\/\/api.w.org\/{rel}","templated":true}]}}