{"id":648816,"date":"2024-10-11T12:06:19","date_gmt":"2024-10-11T10:06:19","guid":{"rendered":"https:\/\/streetmarkets.fr\/app\/produit\/robe-leonard-verte\/"},"modified":"2026-05-07T05:21:25","modified_gmt":"2026-05-07T03:21:25","slug":"robe-leonard-verte","status":"publish","type":"product","link":"https:\/\/streetmarkets.fr\/app\/produit\/robe-leonard-verte\/","title":{"rendered":"ROBE LEONARD verte"},"content":{"rendered":"<p>Robe longue en viscose imprim\u00e9e.<br \/>\njupe doubl\u00e9e de Voile de coton.<br \/>\nRobe ultra confortable souple et agr\u00e9able \u00e0 porter.<br \/>\nTaille ajust\u00e9e par une ceinture.<br \/>\nFinitions des manches en bord cote.<\/p>\n<p>Robe qui taille plut\u00f4t large.<\/p>\n<p>Prix: 249\u20ac   SOLDES -50%=124,50\u20ac<\/p>\n","protected":false},"excerpt":{"rendered":"<p>Robe longue en viscose imprim\u00e9e. jupe doubl\u00e9e de Voile de coton. Robe ultra confortable souple et agr\u00e9able \u00e0 porter. Taille ajust\u00e9e par une ceinture. Finitions des manches en bord cote. Robe qui taille plut\u00f4t large. Prix: 249\u20ac SOLDES -50%=124,50\u20ac<\/p>\n","protected":false},"featured_media":648817,"comment_status":"open","ping_status":"closed","template":"","meta":[],"product_brand":[1310],"product_cat":[1756,1762],"product_tag":[1813],"acf":[],"_links":{"self":[{"href":"https:\/\/streetmarkets.fr\/app\/wp-json\/wp\/v2\/product\/648816"}],"collection":[{"href":"https:\/\/streetmarkets.fr\/app\/wp-json\/wp\/v2\/product"}],"about":[{"href":"https:\/\/streetmarkets.fr\/app\/wp-json\/wp\/v2\/types\/product"}],"replies":[{"embeddable":true,"href":"https:\/\/streetmarkets.fr\/app\/wp-json\/wp\/v2\/comments?post=648816"}],"wp:featuredmedia":[{"embeddable":true,"href":"https:\/\/streetmarkets.fr\/app\/wp-json\/wp\/v2\/media\/648817"}],"wp:attachment":[{"href":"https:\/\/streetmarkets.fr\/app\/wp-json\/wp\/v2\/media?parent=648816"}],"wp:term":[{"taxonomy":"product_brand","embeddable":true,"href":"https:\/\/streetmarkets.fr\/app\/wp-json\/wp\/v2\/product_brand?post=648816"},{"taxonomy":"product_cat","embeddable":true,"href":"https:\/\/streetmarkets.fr\/app\/wp-json\/wp\/v2\/product_cat?post=648816"},{"taxonomy":"product_tag","embeddable":true,"href":"https:\/\/streetmarkets.fr\/app\/wp-json\/wp\/v2\/product_tag?post=648816"}],"curies":[{"name":"wp","href":"https:\/\/api.w.org\/{rel}","templated":true}]}}