{"id":648803,"date":"2024-10-11T12:06:19","date_gmt":"2024-10-11T10:06:19","guid":{"rendered":"https:\/\/streetmarkets.fr\/app\/produit\/rober-tanger-turquoise\/"},"modified":"2026-05-09T05:21:28","modified_gmt":"2026-05-09T03:21:28","slug":"rober-tanger-turquoise","status":"publish","type":"product","link":"https:\/\/streetmarkets.fr\/app\/produit\/rober-tanger-turquoise\/","title":{"rendered":"ROBER TANGER Turquoise"},"content":{"rendered":"<p>Robe en Toile de lin turquoise.<br \/>\nPlastron devant soulign\u00e9 de dentelle noire.<br \/>\nLongueur aux genoux<br \/>\nPoches sur le c\u00f4t\u00e9.<\/p>\n<p>Prix:218\u20ac SOLDES-50%: 109\u20ac<\/p>\n","protected":false},"excerpt":{"rendered":"<p>Robe en Toile de lin turquoise. Plastron devant soulign\u00e9 de dentelle noire. Longueur aux genoux Poches sur le c\u00f4t\u00e9. Prix:218\u20ac SOLDES-50%: 109\u20ac<\/p>\n","protected":false},"featured_media":648804,"comment_status":"open","ping_status":"closed","template":"","meta":[],"product_brand":[1310],"product_cat":[1756,1762],"product_tag":[1813],"acf":[],"_links":{"self":[{"href":"https:\/\/streetmarkets.fr\/app\/wp-json\/wp\/v2\/product\/648803"}],"collection":[{"href":"https:\/\/streetmarkets.fr\/app\/wp-json\/wp\/v2\/product"}],"about":[{"href":"https:\/\/streetmarkets.fr\/app\/wp-json\/wp\/v2\/types\/product"}],"replies":[{"embeddable":true,"href":"https:\/\/streetmarkets.fr\/app\/wp-json\/wp\/v2\/comments?post=648803"}],"wp:featuredmedia":[{"embeddable":true,"href":"https:\/\/streetmarkets.fr\/app\/wp-json\/wp\/v2\/media\/648804"}],"wp:attachment":[{"href":"https:\/\/streetmarkets.fr\/app\/wp-json\/wp\/v2\/media?parent=648803"}],"wp:term":[{"taxonomy":"product_brand","embeddable":true,"href":"https:\/\/streetmarkets.fr\/app\/wp-json\/wp\/v2\/product_brand?post=648803"},{"taxonomy":"product_cat","embeddable":true,"href":"https:\/\/streetmarkets.fr\/app\/wp-json\/wp\/v2\/product_cat?post=648803"},{"taxonomy":"product_tag","embeddable":true,"href":"https:\/\/streetmarkets.fr\/app\/wp-json\/wp\/v2\/product_tag?post=648803"}],"curies":[{"name":"wp","href":"https:\/\/api.w.org\/{rel}","templated":true}]}}