{"id":648664,"date":"2024-10-11T12:06:16","date_gmt":"2024-10-11T10:06:16","guid":{"rendered":"https:\/\/streetmarkets.fr\/app\/produit\/pull-dentelle\/"},"modified":"2026-04-28T05:21:25","modified_gmt":"2026-04-28T03:21:25","slug":"pull-dentelle","status":"publish","type":"product","link":"https:\/\/streetmarkets.fr\/app\/produit\/pull-dentelle\/","title":{"rendered":"PULL DENTELLE"},"content":{"rendered":"<p>Pull en maille de coton legerement ajour\u00e9e.<br \/>\nEncolure bateau, longueur \u00e9paule bas environ 55 cm, manches chauve-souris.<br \/>\nTomb\u00e9 souple, loose, taille plut\u00f4t grand<br \/>\nD\u00e9tail sur le dessus de manche en tulle de coton transparent ton sur ton.<\/p>\n<p>172 \u20ac    SOLDES-50% : 86\u20ac<\/p>\n","protected":false},"excerpt":{"rendered":"<p>Pull en maille de coton legerement ajour\u00e9e. Encolure bateau, longueur \u00e9paule bas environ 55 cm, manches chauve-souris. Tomb\u00e9 souple, loose, taille plut\u00f4t grand D\u00e9tail sur le dessus de manche en tulle de coton transparent ton sur ton. 172 \u20ac SOLDES-50% : 86\u20ac<\/p>\n","protected":false},"featured_media":648665,"comment_status":"open","ping_status":"closed","template":"","meta":[],"product_brand":[1310],"product_cat":[1756,1762],"product_tag":[1813],"acf":[],"_links":{"self":[{"href":"https:\/\/streetmarkets.fr\/app\/wp-json\/wp\/v2\/product\/648664"}],"collection":[{"href":"https:\/\/streetmarkets.fr\/app\/wp-json\/wp\/v2\/product"}],"about":[{"href":"https:\/\/streetmarkets.fr\/app\/wp-json\/wp\/v2\/types\/product"}],"replies":[{"embeddable":true,"href":"https:\/\/streetmarkets.fr\/app\/wp-json\/wp\/v2\/comments?post=648664"}],"wp:featuredmedia":[{"embeddable":true,"href":"https:\/\/streetmarkets.fr\/app\/wp-json\/wp\/v2\/media\/648665"}],"wp:attachment":[{"href":"https:\/\/streetmarkets.fr\/app\/wp-json\/wp\/v2\/media?parent=648664"}],"wp:term":[{"taxonomy":"product_brand","embeddable":true,"href":"https:\/\/streetmarkets.fr\/app\/wp-json\/wp\/v2\/product_brand?post=648664"},{"taxonomy":"product_cat","embeddable":true,"href":"https:\/\/streetmarkets.fr\/app\/wp-json\/wp\/v2\/product_cat?post=648664"},{"taxonomy":"product_tag","embeddable":true,"href":"https:\/\/streetmarkets.fr\/app\/wp-json\/wp\/v2\/product_tag?post=648664"}],"curies":[{"name":"wp","href":"https:\/\/api.w.org\/{rel}","templated":true}]}}