{"id":648569,"date":"2024-10-11T12:06:15","date_gmt":"2024-10-11T10:06:15","guid":{"rendered":"https:\/\/streetmarkets.fr\/app\/produit\/chemise-medina-emeraude\/"},"modified":"2026-04-27T05:21:39","modified_gmt":"2026-04-27T03:21:39","slug":"chemise-medina-emeraude","status":"publish","type":"product","link":"https:\/\/streetmarkets.fr\/app\/produit\/chemise-medina-emeraude\/","title":{"rendered":"Chemise M\u00e9dina \u00e9meraude"},"content":{"rendered":"<p>Chemise en double gaze de coton finement ray\u00e9e de lurex.<br \/>\nBoutonnage asym\u00e9trique, boutons de nacre, finitions lurex bleu \u00e0 l&#8217;encolure.<br \/>\nManche 3\/4 avec poignets \u00e9lastiqu\u00e9s (non serr\u00e9s sur le bras)<\/p>\n<p>Prix :168\u20ac    SOLDES -50%: 84\u20ac<\/p>\n","protected":false},"excerpt":{"rendered":"<p>Chemise en double gaze de coton finement ray\u00e9e de lurex. Boutonnage asym\u00e9trique, boutons de nacre, finitions lurex bleu \u00e0 l&#8217;encolure. Manche 3\/4 avec poignets \u00e9lastiqu\u00e9s (non serr\u00e9s sur le bras) Prix :168\u20ac SOLDES -50%: 84\u20ac<\/p>\n","protected":false},"featured_media":648570,"comment_status":"open","ping_status":"closed","template":"","meta":[],"product_brand":[1310],"product_cat":[1756,1762],"product_tag":[1813],"acf":[],"_links":{"self":[{"href":"https:\/\/streetmarkets.fr\/app\/wp-json\/wp\/v2\/product\/648569"}],"collection":[{"href":"https:\/\/streetmarkets.fr\/app\/wp-json\/wp\/v2\/product"}],"about":[{"href":"https:\/\/streetmarkets.fr\/app\/wp-json\/wp\/v2\/types\/product"}],"replies":[{"embeddable":true,"href":"https:\/\/streetmarkets.fr\/app\/wp-json\/wp\/v2\/comments?post=648569"}],"wp:featuredmedia":[{"embeddable":true,"href":"https:\/\/streetmarkets.fr\/app\/wp-json\/wp\/v2\/media\/648570"}],"wp:attachment":[{"href":"https:\/\/streetmarkets.fr\/app\/wp-json\/wp\/v2\/media?parent=648569"}],"wp:term":[{"taxonomy":"product_brand","embeddable":true,"href":"https:\/\/streetmarkets.fr\/app\/wp-json\/wp\/v2\/product_brand?post=648569"},{"taxonomy":"product_cat","embeddable":true,"href":"https:\/\/streetmarkets.fr\/app\/wp-json\/wp\/v2\/product_cat?post=648569"},{"taxonomy":"product_tag","embeddable":true,"href":"https:\/\/streetmarkets.fr\/app\/wp-json\/wp\/v2\/product_tag?post=648569"}],"curies":[{"name":"wp","href":"https:\/\/api.w.org\/{rel}","templated":true}]}}