{"id":648419,"date":"2024-10-11T12:05:59","date_gmt":"2024-10-11T10:05:59","guid":{"rendered":"https:\/\/streetmarkets.fr\/app\/produit\/robe-margot-noire\/"},"modified":"2026-05-10T05:21:12","modified_gmt":"2026-05-10T03:21:12","slug":"robe-margot-noire","status":"publish","type":"product","link":"https:\/\/streetmarkets.fr\/app\/produit\/robe-margot-noire\/","title":{"rendered":"Robe Margot Noire"},"content":{"rendered":"<p>Robe coupe large, longueur genoux. Motif nuages tiss\u00e9s de fil dor\u00e9.<br \/>\nPlastron en tissu contrast\u00e9 soulign\u00e9 de passepoil orange.<br \/>\nPoches sur les cot\u00e9s.<\/p>\n<p>Taille plut\u00f4t grand prendre la taille en dessous si vous h\u00e9sitez entre deux.<br \/>\n260\u20ac -40% 150\u20ac<\/p>\n","protected":false},"excerpt":{"rendered":"<p>Robe coupe large, longueur genoux. Motif nuages tiss\u00e9s de fil dor\u00e9. Plastron en tissu contrast\u00e9 soulign\u00e9 de passepoil orange. Poches sur les cot\u00e9s. Taille plut\u00f4t grand prendre la taille en dessous si vous h\u00e9sitez entre deux. 260\u20ac -40% 150\u20ac<\/p>\n","protected":false},"featured_media":648420,"comment_status":"open","ping_status":"closed","template":"","meta":[],"product_brand":[1310],"product_cat":[1756,1762],"product_tag":[1813],"acf":[],"_links":{"self":[{"href":"https:\/\/streetmarkets.fr\/app\/wp-json\/wp\/v2\/product\/648419"}],"collection":[{"href":"https:\/\/streetmarkets.fr\/app\/wp-json\/wp\/v2\/product"}],"about":[{"href":"https:\/\/streetmarkets.fr\/app\/wp-json\/wp\/v2\/types\/product"}],"replies":[{"embeddable":true,"href":"https:\/\/streetmarkets.fr\/app\/wp-json\/wp\/v2\/comments?post=648419"}],"wp:featuredmedia":[{"embeddable":true,"href":"https:\/\/streetmarkets.fr\/app\/wp-json\/wp\/v2\/media\/648420"}],"wp:attachment":[{"href":"https:\/\/streetmarkets.fr\/app\/wp-json\/wp\/v2\/media?parent=648419"}],"wp:term":[{"taxonomy":"product_brand","embeddable":true,"href":"https:\/\/streetmarkets.fr\/app\/wp-json\/wp\/v2\/product_brand?post=648419"},{"taxonomy":"product_cat","embeddable":true,"href":"https:\/\/streetmarkets.fr\/app\/wp-json\/wp\/v2\/product_cat?post=648419"},{"taxonomy":"product_tag","embeddable":true,"href":"https:\/\/streetmarkets.fr\/app\/wp-json\/wp\/v2\/product_tag?post=648419"}],"curies":[{"name":"wp","href":"https:\/\/api.w.org\/{rel}","templated":true}]}}