{"id":648357,"date":"2024-10-11T12:05:58","date_gmt":"2024-10-11T10:05:58","guid":{"rendered":"https:\/\/streetmarkets.fr\/app\/produit\/trench-gaston-bleu\/"},"modified":"2026-05-09T05:21:27","modified_gmt":"2026-05-09T03:21:27","slug":"trench-gaston-bleu","status":"publish","type":"product","link":"https:\/\/streetmarkets.fr\/app\/produit\/trench-gaston-bleu\/","title":{"rendered":"TRENCH GASTON bleu"},"content":{"rendered":"<p>Trench en toile coton assez rigide et beaucoup de maintient. Tissus contrast\u00e9 pour les d\u00e9tails du col, ceinture, dos.<br \/>\nDoubl\u00e9 de voile de coton.<\/p>\n<p>295-40%= 177<\/p>\n","protected":false},"excerpt":{"rendered":"<p>Trench en toile coton assez rigide et beaucoup de maintient. Tissus contrast\u00e9 pour les d\u00e9tails du col, ceinture, dos. Doubl\u00e9 de voile de coton. 295-40%= 177<\/p>\n","protected":false},"featured_media":648358,"comment_status":"open","ping_status":"closed","template":"","meta":[],"product_brand":[1310],"product_cat":[1756,1762],"product_tag":[1813],"acf":[],"_links":{"self":[{"href":"https:\/\/streetmarkets.fr\/app\/wp-json\/wp\/v2\/product\/648357"}],"collection":[{"href":"https:\/\/streetmarkets.fr\/app\/wp-json\/wp\/v2\/product"}],"about":[{"href":"https:\/\/streetmarkets.fr\/app\/wp-json\/wp\/v2\/types\/product"}],"replies":[{"embeddable":true,"href":"https:\/\/streetmarkets.fr\/app\/wp-json\/wp\/v2\/comments?post=648357"}],"wp:featuredmedia":[{"embeddable":true,"href":"https:\/\/streetmarkets.fr\/app\/wp-json\/wp\/v2\/media\/648358"}],"wp:attachment":[{"href":"https:\/\/streetmarkets.fr\/app\/wp-json\/wp\/v2\/media?parent=648357"}],"wp:term":[{"taxonomy":"product_brand","embeddable":true,"href":"https:\/\/streetmarkets.fr\/app\/wp-json\/wp\/v2\/product_brand?post=648357"},{"taxonomy":"product_cat","embeddable":true,"href":"https:\/\/streetmarkets.fr\/app\/wp-json\/wp\/v2\/product_cat?post=648357"},{"taxonomy":"product_tag","embeddable":true,"href":"https:\/\/streetmarkets.fr\/app\/wp-json\/wp\/v2\/product_tag?post=648357"}],"curies":[{"name":"wp","href":"https:\/\/api.w.org\/{rel}","templated":true}]}}