{"id":648351,"date":"2024-10-11T12:05:58","date_gmt":"2024-10-11T10:05:58","guid":{"rendered":"https:\/\/streetmarkets.fr\/app\/produit\/pantalon-studio-bleu\/"},"modified":"2026-05-07T05:21:23","modified_gmt":"2026-05-07T03:21:23","slug":"pantalon-studio-bleu","status":"publish","type":"product","link":"https:\/\/streetmarkets.fr\/app\/produit\/pantalon-studio-bleu\/","title":{"rendered":"PANTALON STUDIO bleu"},"content":{"rendered":"<p>Pantalon studio au motif mini carreaux bleu  et marine avec lurex argent (l\u00e9g\u00e8re brillance).<br \/>\nTaille normale, coupe plut\u00f4t facile: tissu avec \u00e9lasthanne.<br \/>\nFinitions passepoil vert et ganse tricot\u00e9e multicolore aux poches.<\/p>\n<p>185\u20ac -50%=92,50\u20ac<\/p>\n","protected":false},"excerpt":{"rendered":"<p>Pantalon studio au motif mini carreaux bleu et marine avec lurex argent (l\u00e9g\u00e8re brillance). Taille normale, coupe plut\u00f4t facile: tissu avec \u00e9lasthanne. Finitions passepoil vert et ganse tricot\u00e9e multicolore aux poches. 185\u20ac -50%=92,50\u20ac<\/p>\n","protected":false},"featured_media":648352,"comment_status":"open","ping_status":"closed","template":"","meta":[],"product_brand":[1310],"product_cat":[1756,1762],"product_tag":[1813],"acf":[],"_links":{"self":[{"href":"https:\/\/streetmarkets.fr\/app\/wp-json\/wp\/v2\/product\/648351"}],"collection":[{"href":"https:\/\/streetmarkets.fr\/app\/wp-json\/wp\/v2\/product"}],"about":[{"href":"https:\/\/streetmarkets.fr\/app\/wp-json\/wp\/v2\/types\/product"}],"replies":[{"embeddable":true,"href":"https:\/\/streetmarkets.fr\/app\/wp-json\/wp\/v2\/comments?post=648351"}],"wp:featuredmedia":[{"embeddable":true,"href":"https:\/\/streetmarkets.fr\/app\/wp-json\/wp\/v2\/media\/648352"}],"wp:attachment":[{"href":"https:\/\/streetmarkets.fr\/app\/wp-json\/wp\/v2\/media?parent=648351"}],"wp:term":[{"taxonomy":"product_brand","embeddable":true,"href":"https:\/\/streetmarkets.fr\/app\/wp-json\/wp\/v2\/product_brand?post=648351"},{"taxonomy":"product_cat","embeddable":true,"href":"https:\/\/streetmarkets.fr\/app\/wp-json\/wp\/v2\/product_cat?post=648351"},{"taxonomy":"product_tag","embeddable":true,"href":"https:\/\/streetmarkets.fr\/app\/wp-json\/wp\/v2\/product_tag?post=648351"}],"curies":[{"name":"wp","href":"https:\/\/api.w.org\/{rel}","templated":true}]}}