{"id":648310,"date":"2024-10-11T12:05:41","date_gmt":"2024-10-11T10:05:41","guid":{"rendered":"https:\/\/streetmarkets.fr\/app\/produit\/manteau-oleron-rouge\/"},"modified":"2026-05-08T05:21:12","modified_gmt":"2026-05-08T03:21:12","slug":"manteau-oleron-rouge","status":"publish","type":"product","link":"https:\/\/streetmarkets.fr\/app\/produit\/manteau-oleron-rouge\/","title":{"rendered":"Manteau Ol\u00e9ron rouge"},"content":{"rendered":"<p>Manteau long en jacquard  de coton m\u00e9lang\u00e9.<br \/>\nManches et \u00e9paule dos en tissu contrast\u00e9 100% laine, bord\u00e9es de bord-c\u00f4te.<br \/>\nBoutons en cuir.<br \/>\ndessous de col et fourrure sherpa douce.<br \/>\nDoublure matelass\u00e9e int\u00e9rieure.<\/p>\n<p>370\u20ac -50%= 185\u20ac<\/p>\n","protected":false},"excerpt":{"rendered":"<p>Manteau long en jacquard de coton m\u00e9lang\u00e9. Manches et \u00e9paule dos en tissu contrast\u00e9 100% laine, bord\u00e9es de bord-c\u00f4te. Boutons en cuir. dessous de col et fourrure sherpa douce. Doublure matelass\u00e9e int\u00e9rieure. 370\u20ac -50%= 185\u20ac<\/p>\n","protected":false},"featured_media":648311,"comment_status":"open","ping_status":"closed","template":"","meta":[],"product_brand":[1310],"product_cat":[1756,1762],"product_tag":[1813],"acf":[],"_links":{"self":[{"href":"https:\/\/streetmarkets.fr\/app\/wp-json\/wp\/v2\/product\/648310"}],"collection":[{"href":"https:\/\/streetmarkets.fr\/app\/wp-json\/wp\/v2\/product"}],"about":[{"href":"https:\/\/streetmarkets.fr\/app\/wp-json\/wp\/v2\/types\/product"}],"replies":[{"embeddable":true,"href":"https:\/\/streetmarkets.fr\/app\/wp-json\/wp\/v2\/comments?post=648310"}],"wp:featuredmedia":[{"embeddable":true,"href":"https:\/\/streetmarkets.fr\/app\/wp-json\/wp\/v2\/media\/648311"}],"wp:attachment":[{"href":"https:\/\/streetmarkets.fr\/app\/wp-json\/wp\/v2\/media?parent=648310"}],"wp:term":[{"taxonomy":"product_brand","embeddable":true,"href":"https:\/\/streetmarkets.fr\/app\/wp-json\/wp\/v2\/product_brand?post=648310"},{"taxonomy":"product_cat","embeddable":true,"href":"https:\/\/streetmarkets.fr\/app\/wp-json\/wp\/v2\/product_cat?post=648310"},{"taxonomy":"product_tag","embeddable":true,"href":"https:\/\/streetmarkets.fr\/app\/wp-json\/wp\/v2\/product_tag?post=648310"}],"curies":[{"name":"wp","href":"https:\/\/api.w.org\/{rel}","templated":true}]}}