{"id":648268,"date":"2024-10-11T12:05:41","date_gmt":"2024-10-11T10:05:41","guid":{"rendered":"https:\/\/streetmarkets.fr\/app\/produit\/robe-milan-jaune\/"},"modified":"2026-05-08T05:20:58","modified_gmt":"2026-05-08T03:20:58","slug":"robe-milan-jaune","status":"publish","type":"product","link":"https:\/\/streetmarkets.fr\/app\/produit\/robe-milan-jaune\/","title":{"rendered":"Robe MILAN jaune"},"content":{"rendered":"<p>Robe en coton imprim\u00e9 japonais, doubl\u00e9e.<br \/>\nAjust\u00e9e \u00e0 la taille, la jupe est coupe enforme.<br \/>\nGanse tiss\u00e9e appliqu\u00e9e milieu devant et sur les bas de manches.<br \/>\nLongueur sous genoux.<\/p>\n<p>248\u20ac -60%= 99\u20ac<\/p>\n","protected":false},"excerpt":{"rendered":"<p>Robe en coton imprim\u00e9 japonais, doubl\u00e9e. Ajust\u00e9e \u00e0 la taille, la jupe est coupe enforme. Ganse tiss\u00e9e appliqu\u00e9e milieu devant et sur les bas de manches. Longueur sous genoux. 248\u20ac -60%= 99\u20ac<\/p>\n","protected":false},"featured_media":648269,"comment_status":"open","ping_status":"closed","template":"","meta":[],"product_brand":[1310],"product_cat":[1756,1762],"product_tag":[1813],"acf":[],"_links":{"self":[{"href":"https:\/\/streetmarkets.fr\/app\/wp-json\/wp\/v2\/product\/648268"}],"collection":[{"href":"https:\/\/streetmarkets.fr\/app\/wp-json\/wp\/v2\/product"}],"about":[{"href":"https:\/\/streetmarkets.fr\/app\/wp-json\/wp\/v2\/types\/product"}],"replies":[{"embeddable":true,"href":"https:\/\/streetmarkets.fr\/app\/wp-json\/wp\/v2\/comments?post=648268"}],"wp:featuredmedia":[{"embeddable":true,"href":"https:\/\/streetmarkets.fr\/app\/wp-json\/wp\/v2\/media\/648269"}],"wp:attachment":[{"href":"https:\/\/streetmarkets.fr\/app\/wp-json\/wp\/v2\/media?parent=648268"}],"wp:term":[{"taxonomy":"product_brand","embeddable":true,"href":"https:\/\/streetmarkets.fr\/app\/wp-json\/wp\/v2\/product_brand?post=648268"},{"taxonomy":"product_cat","embeddable":true,"href":"https:\/\/streetmarkets.fr\/app\/wp-json\/wp\/v2\/product_cat?post=648268"},{"taxonomy":"product_tag","embeddable":true,"href":"https:\/\/streetmarkets.fr\/app\/wp-json\/wp\/v2\/product_tag?post=648268"}],"curies":[{"name":"wp","href":"https:\/\/api.w.org\/{rel}","templated":true}]}}