{"id":648243,"date":"2024-10-11T12:05:40","date_gmt":"2024-10-11T10:05:40","guid":{"rendered":"https:\/\/streetmarkets.fr\/app\/produit\/robe-tokyo\/"},"modified":"2026-04-22T05:21:30","modified_gmt":"2026-04-22T03:21:30","slug":"robe-tokyo","status":"publish","type":"product","link":"https:\/\/streetmarkets.fr\/app\/produit\/robe-tokyo\/","title":{"rendered":"Robe TOKYO"},"content":{"rendered":"<p>Robe en cr\u00eape viscose italien, fluide doubl\u00e9e.<br \/>\nCorsage ajust\u00e9 \u00e0 la taille en imprim\u00e9 traditionnel Japonais motif tigres.<br \/>\nFinitions en ruban tricot\u00e9.<br \/>\nD\u00e9collet\u00e9 V<br \/>\nLongueur sous genoux,  jupe enforme qui ne marque les hanches.<br \/>\nMod\u00e8le qui convient \u00e0 toutes les morphologies.<\/p>\n<p>248\u20ac-60%= 99\u20ac<\/p>\n","protected":false},"excerpt":{"rendered":"<p>Robe en cr\u00eape viscose italien, fluide doubl\u00e9e. Corsage ajust\u00e9 \u00e0 la taille en imprim\u00e9 traditionnel Japonais motif tigres. Finitions en ruban tricot\u00e9. D\u00e9collet\u00e9 V Longueur sous genoux, jupe enforme qui ne marque les hanches. Mod\u00e8le qui convient \u00e0 toutes les morphologies. 248\u20ac-60%= 99\u20ac<\/p>\n","protected":false},"featured_media":648244,"comment_status":"open","ping_status":"closed","template":"","meta":[],"product_brand":[1310],"product_cat":[1756,1762],"product_tag":[1813],"acf":[],"_links":{"self":[{"href":"https:\/\/streetmarkets.fr\/app\/wp-json\/wp\/v2\/product\/648243"}],"collection":[{"href":"https:\/\/streetmarkets.fr\/app\/wp-json\/wp\/v2\/product"}],"about":[{"href":"https:\/\/streetmarkets.fr\/app\/wp-json\/wp\/v2\/types\/product"}],"replies":[{"embeddable":true,"href":"https:\/\/streetmarkets.fr\/app\/wp-json\/wp\/v2\/comments?post=648243"}],"wp:featuredmedia":[{"embeddable":true,"href":"https:\/\/streetmarkets.fr\/app\/wp-json\/wp\/v2\/media\/648244"}],"wp:attachment":[{"href":"https:\/\/streetmarkets.fr\/app\/wp-json\/wp\/v2\/media?parent=648243"}],"wp:term":[{"taxonomy":"product_brand","embeddable":true,"href":"https:\/\/streetmarkets.fr\/app\/wp-json\/wp\/v2\/product_brand?post=648243"},{"taxonomy":"product_cat","embeddable":true,"href":"https:\/\/streetmarkets.fr\/app\/wp-json\/wp\/v2\/product_cat?post=648243"},{"taxonomy":"product_tag","embeddable":true,"href":"https:\/\/streetmarkets.fr\/app\/wp-json\/wp\/v2\/product_tag?post=648243"}],"curies":[{"name":"wp","href":"https:\/\/api.w.org\/{rel}","templated":true}]}}