{"id":648204,"date":"2024-10-11T12:05:40","date_gmt":"2024-10-11T10:05:40","guid":{"rendered":"https:\/\/streetmarkets.fr\/app\/produit\/sautoir-fenix\/"},"modified":"2026-05-07T05:21:09","modified_gmt":"2026-05-07T03:21:09","slug":"sautoir-fenix","status":"publish","type":"product","link":"https:\/\/streetmarkets.fr\/app\/produit\/sautoir-fenix\/","title":{"rendered":"SAUTOIR FENIX"},"content":{"rendered":"<p>Sautoir chaine en perles en laiton dor\u00e9 \u00e0 l&#8217;or fin.<br \/>\nLongueur: environ 45 cm avec le motif.<br \/>\nPi\u00e8ces uniques faites \u00e0 la main.<\/p>\n<p>Sur la photo d&#8217;ensemble de gauche \u00e0 droite<br \/>\n#1 Perle fuchsia baguettes orange, verte, jaune.<br \/>\n#2 perle blanche, baguette rose et vert<br \/>\n#3 rose et jaune fluorescent (photo sur le v\u00eatement)<\/p>\n<p>Prix: 85\u20ac<\/p>\n","protected":false},"excerpt":{"rendered":"<p>Sautoir chaine en perles en laiton dor\u00e9 \u00e0 l&#8217;or fin. Longueur: environ 45 cm avec le motif. Pi\u00e8ces uniques faites \u00e0 la main. Sur la photo d&#8217;ensemble de gauche \u00e0 droite #1 Perle fuchsia baguettes orange, verte, jaune. #2 perle blanche, baguette rose et vert #3 rose et jaune fluorescent (photo sur le v\u00eatement) Prix: [&hellip;]<\/p>\n","protected":false},"featured_media":648205,"comment_status":"open","ping_status":"closed","template":"","meta":[],"product_brand":[1310],"product_cat":[1807,1756],"product_tag":[1813],"acf":[],"_links":{"self":[{"href":"https:\/\/streetmarkets.fr\/app\/wp-json\/wp\/v2\/product\/648204"}],"collection":[{"href":"https:\/\/streetmarkets.fr\/app\/wp-json\/wp\/v2\/product"}],"about":[{"href":"https:\/\/streetmarkets.fr\/app\/wp-json\/wp\/v2\/types\/product"}],"replies":[{"embeddable":true,"href":"https:\/\/streetmarkets.fr\/app\/wp-json\/wp\/v2\/comments?post=648204"}],"wp:featuredmedia":[{"embeddable":true,"href":"https:\/\/streetmarkets.fr\/app\/wp-json\/wp\/v2\/media\/648205"}],"wp:attachment":[{"href":"https:\/\/streetmarkets.fr\/app\/wp-json\/wp\/v2\/media?parent=648204"}],"wp:term":[{"taxonomy":"product_brand","embeddable":true,"href":"https:\/\/streetmarkets.fr\/app\/wp-json\/wp\/v2\/product_brand?post=648204"},{"taxonomy":"product_cat","embeddable":true,"href":"https:\/\/streetmarkets.fr\/app\/wp-json\/wp\/v2\/product_cat?post=648204"},{"taxonomy":"product_tag","embeddable":true,"href":"https:\/\/streetmarkets.fr\/app\/wp-json\/wp\/v2\/product_tag?post=648204"}],"curies":[{"name":"wp","href":"https:\/\/api.w.org\/{rel}","templated":true}]}}