{"id":648190,"date":"2024-10-11T12:05:39","date_gmt":"2024-10-11T10:05:39","guid":{"rendered":"https:\/\/streetmarkets.fr\/app\/produit\/combinaison-studio-dot\/"},"modified":"2026-04-21T05:21:13","modified_gmt":"2026-04-21T03:21:13","slug":"combinaison-studio-dot","status":"publish","type":"product","link":"https:\/\/streetmarkets.fr\/app\/produit\/combinaison-studio-dot\/","title":{"rendered":"COMBINAISON STUDIO dot"},"content":{"rendered":"<p>La combinaison studio en coton stretch plut\u00f4t \u00e9pais et tr\u00e8s souple.<br \/>\nToujours efficace et seyante sur toutes les silhouettes.<br \/>\n\u00c0 tenter avec une chaussure plate ou un super talon.<br \/>\nNoir, mouchetis blanc et finitions bleues.<br \/>\nPoignets bord c\u00f4te iris\u00e9.<\/p>\n<p>Prix: 235\u20ac -60%: 94\u20ac<\/p>\n","protected":false},"excerpt":{"rendered":"<p>La combinaison studio en coton stretch plut\u00f4t \u00e9pais et tr\u00e8s souple. Toujours efficace et seyante sur toutes les silhouettes. \u00c0 tenter avec une chaussure plate ou un super talon. Noir, mouchetis blanc et finitions bleues. Poignets bord c\u00f4te iris\u00e9. Prix: 235\u20ac -60%: 94\u20ac<\/p>\n","protected":false},"featured_media":648191,"comment_status":"open","ping_status":"closed","template":"","meta":[],"product_brand":[1310],"product_cat":[1756,1762],"product_tag":[1813],"acf":[],"_links":{"self":[{"href":"https:\/\/streetmarkets.fr\/app\/wp-json\/wp\/v2\/product\/648190"}],"collection":[{"href":"https:\/\/streetmarkets.fr\/app\/wp-json\/wp\/v2\/product"}],"about":[{"href":"https:\/\/streetmarkets.fr\/app\/wp-json\/wp\/v2\/types\/product"}],"replies":[{"embeddable":true,"href":"https:\/\/streetmarkets.fr\/app\/wp-json\/wp\/v2\/comments?post=648190"}],"wp:featuredmedia":[{"embeddable":true,"href":"https:\/\/streetmarkets.fr\/app\/wp-json\/wp\/v2\/media\/648191"}],"wp:attachment":[{"href":"https:\/\/streetmarkets.fr\/app\/wp-json\/wp\/v2\/media?parent=648190"}],"wp:term":[{"taxonomy":"product_brand","embeddable":true,"href":"https:\/\/streetmarkets.fr\/app\/wp-json\/wp\/v2\/product_brand?post=648190"},{"taxonomy":"product_cat","embeddable":true,"href":"https:\/\/streetmarkets.fr\/app\/wp-json\/wp\/v2\/product_cat?post=648190"},{"taxonomy":"product_tag","embeddable":true,"href":"https:\/\/streetmarkets.fr\/app\/wp-json\/wp\/v2\/product_tag?post=648190"}],"curies":[{"name":"wp","href":"https:\/\/api.w.org\/{rel}","templated":true}]}}