{"id":648163,"date":"2024-10-11T12:05:39","date_gmt":"2024-10-11T10:05:39","guid":{"rendered":"https:\/\/streetmarkets.fr\/app\/produit\/combinaison-farmer\/"},"modified":"2026-05-10T05:20:58","modified_gmt":"2026-05-10T03:20:58","slug":"combinaison-farmer","status":"publish","type":"product","link":"https:\/\/streetmarkets.fr\/app\/produit\/combinaison-farmer\/","title":{"rendered":"Combinaison FARMER"},"content":{"rendered":"<p>Combinaison en Denim de coton l\u00e9ger. Finitions, coutures, fermeture et bord c\u00f4t\u00e9 rouge.<\/p>\n<p>Prix: 235\u20ac-60%=95\u20ac<\/p>\n","protected":false},"excerpt":{"rendered":"<p>Combinaison en Denim de coton l\u00e9ger. Finitions, coutures, fermeture et bord c\u00f4t\u00e9 rouge. Prix: 235\u20ac-60%=95\u20ac<\/p>\n","protected":false},"featured_media":648164,"comment_status":"open","ping_status":"closed","template":"","meta":[],"product_brand":[1310],"product_cat":[1756,1762],"product_tag":[1813],"acf":[],"_links":{"self":[{"href":"https:\/\/streetmarkets.fr\/app\/wp-json\/wp\/v2\/product\/648163"}],"collection":[{"href":"https:\/\/streetmarkets.fr\/app\/wp-json\/wp\/v2\/product"}],"about":[{"href":"https:\/\/streetmarkets.fr\/app\/wp-json\/wp\/v2\/types\/product"}],"replies":[{"embeddable":true,"href":"https:\/\/streetmarkets.fr\/app\/wp-json\/wp\/v2\/comments?post=648163"}],"wp:featuredmedia":[{"embeddable":true,"href":"https:\/\/streetmarkets.fr\/app\/wp-json\/wp\/v2\/media\/648164"}],"wp:attachment":[{"href":"https:\/\/streetmarkets.fr\/app\/wp-json\/wp\/v2\/media?parent=648163"}],"wp:term":[{"taxonomy":"product_brand","embeddable":true,"href":"https:\/\/streetmarkets.fr\/app\/wp-json\/wp\/v2\/product_brand?post=648163"},{"taxonomy":"product_cat","embeddable":true,"href":"https:\/\/streetmarkets.fr\/app\/wp-json\/wp\/v2\/product_cat?post=648163"},{"taxonomy":"product_tag","embeddable":true,"href":"https:\/\/streetmarkets.fr\/app\/wp-json\/wp\/v2\/product_tag?post=648163"}],"curies":[{"name":"wp","href":"https:\/\/api.w.org\/{rel}","templated":true}]}}