{"id":648157,"date":"2024-10-11T12:05:39","date_gmt":"2024-10-11T10:05:39","guid":{"rendered":"https:\/\/streetmarkets.fr\/app\/produit\/robe-denim\/"},"modified":"2026-05-10T05:20:58","modified_gmt":"2026-05-10T03:20:58","slug":"robe-denim","status":"publish","type":"product","link":"https:\/\/streetmarkets.fr\/app\/produit\/robe-denim\/","title":{"rendered":"Robe denim"},"content":{"rendered":"<p>Robe en coton denim fin et fluide aux manches papillon, ajust\u00e9es par un \u00e9lastique \u00e0 la taille.<br \/>\nLongueur genoux.<\/p>\n<p>Possibilit\u00e9 d&#8217;ajouter une ceinture (plusieurs motifs disponibles) <\/p>\n<p>175\u20ac -50 %= 87.50\u20ac<\/p>\n","protected":false},"excerpt":{"rendered":"<p>Robe en coton denim fin et fluide aux manches papillon, ajust\u00e9es par un \u00e9lastique \u00e0 la taille. Longueur genoux. Possibilit\u00e9 d&#8217;ajouter une ceinture (plusieurs motifs disponibles) 175\u20ac -50 %= 87.50\u20ac<\/p>\n","protected":false},"featured_media":648158,"comment_status":"open","ping_status":"closed","template":"","meta":[],"product_brand":[1310],"product_cat":[1756,1762],"product_tag":[1813],"acf":[],"_links":{"self":[{"href":"https:\/\/streetmarkets.fr\/app\/wp-json\/wp\/v2\/product\/648157"}],"collection":[{"href":"https:\/\/streetmarkets.fr\/app\/wp-json\/wp\/v2\/product"}],"about":[{"href":"https:\/\/streetmarkets.fr\/app\/wp-json\/wp\/v2\/types\/product"}],"replies":[{"embeddable":true,"href":"https:\/\/streetmarkets.fr\/app\/wp-json\/wp\/v2\/comments?post=648157"}],"wp:featuredmedia":[{"embeddable":true,"href":"https:\/\/streetmarkets.fr\/app\/wp-json\/wp\/v2\/media\/648158"}],"wp:attachment":[{"href":"https:\/\/streetmarkets.fr\/app\/wp-json\/wp\/v2\/media?parent=648157"}],"wp:term":[{"taxonomy":"product_brand","embeddable":true,"href":"https:\/\/streetmarkets.fr\/app\/wp-json\/wp\/v2\/product_brand?post=648157"},{"taxonomy":"product_cat","embeddable":true,"href":"https:\/\/streetmarkets.fr\/app\/wp-json\/wp\/v2\/product_cat?post=648157"},{"taxonomy":"product_tag","embeddable":true,"href":"https:\/\/streetmarkets.fr\/app\/wp-json\/wp\/v2\/product_tag?post=648157"}],"curies":[{"name":"wp","href":"https:\/\/api.w.org\/{rel}","templated":true}]}}