{"id":648123,"date":"2024-10-11T12:05:24","date_gmt":"2024-10-11T10:05:24","guid":{"rendered":"https:\/\/streetmarkets.fr\/app\/produit\/boucles-jeanne\/"},"modified":"2026-05-10T05:20:58","modified_gmt":"2026-05-10T03:20:58","slug":"boucles-jeanne","status":"publish","type":"product","link":"https:\/\/streetmarkets.fr\/app\/produit\/boucles-jeanne\/","title":{"rendered":"Boucles Jeanne"},"content":{"rendered":"<p>Boucles art d\u00e9co en laiton \u00e9maill\u00e9.<br \/>\nHauteur 7cm<br \/>\nPrix: 58\u20ac<\/p>\n","protected":false},"excerpt":{"rendered":"<p>Boucles art d\u00e9co en laiton \u00e9maill\u00e9. Hauteur 7cm Prix: 58\u20ac<\/p>\n","protected":false},"featured_media":648124,"comment_status":"open","ping_status":"closed","template":"","meta":[],"product_brand":[1310],"product_cat":[1807,1756],"product_tag":[1813],"acf":[],"_links":{"self":[{"href":"https:\/\/streetmarkets.fr\/app\/wp-json\/wp\/v2\/product\/648123"}],"collection":[{"href":"https:\/\/streetmarkets.fr\/app\/wp-json\/wp\/v2\/product"}],"about":[{"href":"https:\/\/streetmarkets.fr\/app\/wp-json\/wp\/v2\/types\/product"}],"replies":[{"embeddable":true,"href":"https:\/\/streetmarkets.fr\/app\/wp-json\/wp\/v2\/comments?post=648123"}],"wp:featuredmedia":[{"embeddable":true,"href":"https:\/\/streetmarkets.fr\/app\/wp-json\/wp\/v2\/media\/648124"}],"wp:attachment":[{"href":"https:\/\/streetmarkets.fr\/app\/wp-json\/wp\/v2\/media?parent=648123"}],"wp:term":[{"taxonomy":"product_brand","embeddable":true,"href":"https:\/\/streetmarkets.fr\/app\/wp-json\/wp\/v2\/product_brand?post=648123"},{"taxonomy":"product_cat","embeddable":true,"href":"https:\/\/streetmarkets.fr\/app\/wp-json\/wp\/v2\/product_cat?post=648123"},{"taxonomy":"product_tag","embeddable":true,"href":"https:\/\/streetmarkets.fr\/app\/wp-json\/wp\/v2\/product_tag?post=648123"}],"curies":[{"name":"wp","href":"https:\/\/api.w.org\/{rel}","templated":true}]}}