{"id":648097,"date":"2024-10-11T12:05:23","date_gmt":"2024-10-11T10:05:23","guid":{"rendered":"https:\/\/streetmarkets.fr\/app\/produit\/jupe-courte-bonne-etoile\/"},"modified":"2026-04-18T05:21:06","modified_gmt":"2026-04-18T03:21:06","slug":"jupe-courte-bonne-etoile","status":"publish","type":"product","link":"https:\/\/streetmarkets.fr\/app\/produit\/jupe-courte-bonne-etoile\/","title":{"rendered":"Jupe Courte Bonne \u00c9toile"},"content":{"rendered":"<p>Jupe doubl\u00e9e en jacquard marine brod\u00e9 or. d\u00e9coupe de la ceinture te des poches en tissu contrast\u00e9 ray\u00e9 jaune et lurex.<br \/>\n175\u20ac -50%: 87.50\u20ac<\/p>\n","protected":false},"excerpt":{"rendered":"<p>Jupe doubl\u00e9e en jacquard marine brod\u00e9 or. d\u00e9coupe de la ceinture te des poches en tissu contrast\u00e9 ray\u00e9 jaune et lurex. 175\u20ac -50%: 87.50\u20ac<\/p>\n","protected":false},"featured_media":648098,"comment_status":"open","ping_status":"closed","template":"","meta":[],"product_brand":[1310],"product_cat":[1756,1762],"product_tag":[1813],"acf":[],"_links":{"self":[{"href":"https:\/\/streetmarkets.fr\/app\/wp-json\/wp\/v2\/product\/648097"}],"collection":[{"href":"https:\/\/streetmarkets.fr\/app\/wp-json\/wp\/v2\/product"}],"about":[{"href":"https:\/\/streetmarkets.fr\/app\/wp-json\/wp\/v2\/types\/product"}],"replies":[{"embeddable":true,"href":"https:\/\/streetmarkets.fr\/app\/wp-json\/wp\/v2\/comments?post=648097"}],"wp:featuredmedia":[{"embeddable":true,"href":"https:\/\/streetmarkets.fr\/app\/wp-json\/wp\/v2\/media\/648098"}],"wp:attachment":[{"href":"https:\/\/streetmarkets.fr\/app\/wp-json\/wp\/v2\/media?parent=648097"}],"wp:term":[{"taxonomy":"product_brand","embeddable":true,"href":"https:\/\/streetmarkets.fr\/app\/wp-json\/wp\/v2\/product_brand?post=648097"},{"taxonomy":"product_cat","embeddable":true,"href":"https:\/\/streetmarkets.fr\/app\/wp-json\/wp\/v2\/product_cat?post=648097"},{"taxonomy":"product_tag","embeddable":true,"href":"https:\/\/streetmarkets.fr\/app\/wp-json\/wp\/v2\/product_tag?post=648097"}],"curies":[{"name":"wp","href":"https:\/\/api.w.org\/{rel}","templated":true}]}}