{"id":648083,"date":"2024-10-11T12:05:23","date_gmt":"2024-10-11T10:05:23","guid":{"rendered":"https:\/\/streetmarkets.fr\/app\/produit\/pantalon-studio-carreaux\/"},"modified":"2026-05-03T05:21:09","modified_gmt":"2026-05-03T03:21:09","slug":"pantalon-studio-carreaux","status":"publish","type":"product","link":"https:\/\/streetmarkets.fr\/app\/produit\/pantalon-studio-carreaux\/","title":{"rendered":"PANTALON STUDIO carreaux"},"content":{"rendered":"<p>Pantalon \u00e0 carreaux, soulign\u00e9 de ganses bordeaux.<br \/>\nMati\u00e8re tr\u00e8s confortable avec \u00e9lasthanne.<\/p>\n<p>175\u20ac -50% : 87.5\u20ac<\/p>\n","protected":false},"excerpt":{"rendered":"<p>Pantalon \u00e0 carreaux, soulign\u00e9 de ganses bordeaux. Mati\u00e8re tr\u00e8s confortable avec \u00e9lasthanne. 175\u20ac -50% : 87.5\u20ac<\/p>\n","protected":false},"featured_media":648084,"comment_status":"open","ping_status":"closed","template":"","meta":[],"product_brand":[1310],"product_cat":[1756,1762],"product_tag":[1813],"acf":[],"_links":{"self":[{"href":"https:\/\/streetmarkets.fr\/app\/wp-json\/wp\/v2\/product\/648083"}],"collection":[{"href":"https:\/\/streetmarkets.fr\/app\/wp-json\/wp\/v2\/product"}],"about":[{"href":"https:\/\/streetmarkets.fr\/app\/wp-json\/wp\/v2\/types\/product"}],"replies":[{"embeddable":true,"href":"https:\/\/streetmarkets.fr\/app\/wp-json\/wp\/v2\/comments?post=648083"}],"wp:featuredmedia":[{"embeddable":true,"href":"https:\/\/streetmarkets.fr\/app\/wp-json\/wp\/v2\/media\/648084"}],"wp:attachment":[{"href":"https:\/\/streetmarkets.fr\/app\/wp-json\/wp\/v2\/media?parent=648083"}],"wp:term":[{"taxonomy":"product_brand","embeddable":true,"href":"https:\/\/streetmarkets.fr\/app\/wp-json\/wp\/v2\/product_brand?post=648083"},{"taxonomy":"product_cat","embeddable":true,"href":"https:\/\/streetmarkets.fr\/app\/wp-json\/wp\/v2\/product_cat?post=648083"},{"taxonomy":"product_tag","embeddable":true,"href":"https:\/\/streetmarkets.fr\/app\/wp-json\/wp\/v2\/product_tag?post=648083"}],"curies":[{"name":"wp","href":"https:\/\/api.w.org\/{rel}","templated":true}]}}