{"id":648077,"date":"2024-10-11T12:05:23","date_gmt":"2024-10-11T10:05:23","guid":{"rendered":"https:\/\/streetmarkets.fr\/app\/produit\/combinaison-louison-carreaux\/"},"modified":"2026-05-08T05:20:57","modified_gmt":"2026-05-08T03:20:57","slug":"combinaison-louison-carreaux","status":"publish","type":"product","link":"https:\/\/streetmarkets.fr\/app\/produit\/combinaison-louison-carreaux\/","title":{"rendered":"COMBINAISON LOUISON CARREAUX"},"content":{"rendered":"<p>Combinaison zip m\u00e9tallique devant finitions passepoils  et bord-c\u00f4te bleu.<br \/>\nTissu avec elasthanne, confortable \u00e0 porter.<br \/>\nElastiqu\u00e9e \u00e0 la taille pour \u00eatre bien maintenue, peut se porter avec ou sans ceinture.<br \/>\n255\u20ac -60%: 102\u20ac<\/p>\n","protected":false},"excerpt":{"rendered":"<p>Combinaison zip m\u00e9tallique devant finitions passepoils et bord-c\u00f4te bleu. Tissu avec elasthanne, confortable \u00e0 porter. Elastiqu\u00e9e \u00e0 la taille pour \u00eatre bien maintenue, peut se porter avec ou sans ceinture. 255\u20ac -60%: 102\u20ac<\/p>\n","protected":false},"featured_media":648078,"comment_status":"open","ping_status":"closed","template":"","meta":[],"product_brand":[1310],"product_cat":[1756,1762],"product_tag":[1813],"acf":[],"_links":{"self":[{"href":"https:\/\/streetmarkets.fr\/app\/wp-json\/wp\/v2\/product\/648077"}],"collection":[{"href":"https:\/\/streetmarkets.fr\/app\/wp-json\/wp\/v2\/product"}],"about":[{"href":"https:\/\/streetmarkets.fr\/app\/wp-json\/wp\/v2\/types\/product"}],"replies":[{"embeddable":true,"href":"https:\/\/streetmarkets.fr\/app\/wp-json\/wp\/v2\/comments?post=648077"}],"wp:featuredmedia":[{"embeddable":true,"href":"https:\/\/streetmarkets.fr\/app\/wp-json\/wp\/v2\/media\/648078"}],"wp:attachment":[{"href":"https:\/\/streetmarkets.fr\/app\/wp-json\/wp\/v2\/media?parent=648077"}],"wp:term":[{"taxonomy":"product_brand","embeddable":true,"href":"https:\/\/streetmarkets.fr\/app\/wp-json\/wp\/v2\/product_brand?post=648077"},{"taxonomy":"product_cat","embeddable":true,"href":"https:\/\/streetmarkets.fr\/app\/wp-json\/wp\/v2\/product_cat?post=648077"},{"taxonomy":"product_tag","embeddable":true,"href":"https:\/\/streetmarkets.fr\/app\/wp-json\/wp\/v2\/product_tag?post=648077"}],"curies":[{"name":"wp","href":"https:\/\/api.w.org\/{rel}","templated":true}]}}