{"id":648066,"date":"2024-10-11T12:05:23","date_gmt":"2024-10-11T10:05:23","guid":{"rendered":"https:\/\/streetmarkets.fr\/app\/produit\/robe-fifties-noire\/"},"modified":"2026-05-07T05:21:08","modified_gmt":"2026-05-07T03:21:08","slug":"robe-fifties-noire","status":"publish","type":"product","link":"https:\/\/streetmarkets.fr\/app\/produit\/robe-fifties-noire\/","title":{"rendered":"ROBE FIFTIES Noire"},"content":{"rendered":"<p>Robe imprim\u00e9e en viscose fluide et tr\u00e8s douce.<br \/>\nCoupe f\u00e9minine qui valorise les formes du corps.<br \/>\nMod\u00e8le doubl\u00e9, taille ajust\u00e9e et jupe enforme.<br \/>\nManches longues et poignets en bord cote.<\/p>\n<p>Prix: 248\u20ac -60%:124\u20ac<\/p>\n","protected":false},"excerpt":{"rendered":"<p>Robe imprim\u00e9e en viscose fluide et tr\u00e8s douce. Coupe f\u00e9minine qui valorise les formes du corps. Mod\u00e8le doubl\u00e9, taille ajust\u00e9e et jupe enforme. Manches longues et poignets en bord cote. Prix: 248\u20ac -60%:124\u20ac<\/p>\n","protected":false},"featured_media":648067,"comment_status":"open","ping_status":"closed","template":"","meta":[],"product_brand":[1310],"product_cat":[1756,1762],"product_tag":[1813],"acf":[],"_links":{"self":[{"href":"https:\/\/streetmarkets.fr\/app\/wp-json\/wp\/v2\/product\/648066"}],"collection":[{"href":"https:\/\/streetmarkets.fr\/app\/wp-json\/wp\/v2\/product"}],"about":[{"href":"https:\/\/streetmarkets.fr\/app\/wp-json\/wp\/v2\/types\/product"}],"replies":[{"embeddable":true,"href":"https:\/\/streetmarkets.fr\/app\/wp-json\/wp\/v2\/comments?post=648066"}],"wp:featuredmedia":[{"embeddable":true,"href":"https:\/\/streetmarkets.fr\/app\/wp-json\/wp\/v2\/media\/648067"}],"wp:attachment":[{"href":"https:\/\/streetmarkets.fr\/app\/wp-json\/wp\/v2\/media?parent=648066"}],"wp:term":[{"taxonomy":"product_brand","embeddable":true,"href":"https:\/\/streetmarkets.fr\/app\/wp-json\/wp\/v2\/product_brand?post=648066"},{"taxonomy":"product_cat","embeddable":true,"href":"https:\/\/streetmarkets.fr\/app\/wp-json\/wp\/v2\/product_cat?post=648066"},{"taxonomy":"product_tag","embeddable":true,"href":"https:\/\/streetmarkets.fr\/app\/wp-json\/wp\/v2\/product_tag?post=648066"}],"curies":[{"name":"wp","href":"https:\/\/api.w.org\/{rel}","templated":true}]}}