{"id":648046,"date":"2024-10-11T12:05:22","date_gmt":"2024-10-11T10:05:22","guid":{"rendered":"https:\/\/streetmarkets.fr\/app\/produit\/sweat-20-creme\/"},"modified":"2026-05-09T05:21:12","modified_gmt":"2026-05-09T03:21:12","slug":"sweat-20-creme","status":"publish","type":"product","link":"https:\/\/streetmarkets.fr\/app\/produit\/sweat-20-creme\/","title":{"rendered":"Sweat 20 cr\u00e8me"},"content":{"rendered":"<p>Haut en prince de Galles floqu\u00e9 or mat &#8220;20&#8221;, boutonn\u00e9 dans le dos manches en molleton.<\/p>\n<p>Lavage \u00e0 la main ou d\u00e9licat<\/p>\n<p>Prix 178 \u20ac-60%=71\u20ac<\/p>\n","protected":false},"excerpt":{"rendered":"<p>Haut en prince de Galles floqu\u00e9 or mat &#8220;20&#8221;, boutonn\u00e9 dans le dos manches en molleton. Lavage \u00e0 la main ou d\u00e9licat Prix 178 \u20ac-60%=71\u20ac<\/p>\n","protected":false},"featured_media":648047,"comment_status":"open","ping_status":"closed","template":"","meta":[],"product_brand":[1310],"product_cat":[1756,1762],"product_tag":[1813],"acf":[],"_links":{"self":[{"href":"https:\/\/streetmarkets.fr\/app\/wp-json\/wp\/v2\/product\/648046"}],"collection":[{"href":"https:\/\/streetmarkets.fr\/app\/wp-json\/wp\/v2\/product"}],"about":[{"href":"https:\/\/streetmarkets.fr\/app\/wp-json\/wp\/v2\/types\/product"}],"replies":[{"embeddable":true,"href":"https:\/\/streetmarkets.fr\/app\/wp-json\/wp\/v2\/comments?post=648046"}],"wp:featuredmedia":[{"embeddable":true,"href":"https:\/\/streetmarkets.fr\/app\/wp-json\/wp\/v2\/media\/648047"}],"wp:attachment":[{"href":"https:\/\/streetmarkets.fr\/app\/wp-json\/wp\/v2\/media?parent=648046"}],"wp:term":[{"taxonomy":"product_brand","embeddable":true,"href":"https:\/\/streetmarkets.fr\/app\/wp-json\/wp\/v2\/product_brand?post=648046"},{"taxonomy":"product_cat","embeddable":true,"href":"https:\/\/streetmarkets.fr\/app\/wp-json\/wp\/v2\/product_cat?post=648046"},{"taxonomy":"product_tag","embeddable":true,"href":"https:\/\/streetmarkets.fr\/app\/wp-json\/wp\/v2\/product_tag?post=648046"}],"curies":[{"name":"wp","href":"https:\/\/api.w.org\/{rel}","templated":true}]}}