{"id":648031,"date":"2024-10-11T12:05:22","date_gmt":"2024-10-11T10:05:22","guid":{"rendered":"https:\/\/streetmarkets.fr\/app\/produit\/pantalon-lezard\/"},"modified":"2026-05-03T05:21:09","modified_gmt":"2026-05-03T03:21:09","slug":"pantalon-lezard","status":"publish","type":"product","link":"https:\/\/streetmarkets.fr\/app\/produit\/pantalon-lezard\/","title":{"rendered":"Pantalon l\u00e9zard"},"content":{"rendered":"<p>Pantalon effet \u00e0 la texture plut\u00f4t iris\u00e9e en viscose-polyester , doubl\u00e9 vert.<br \/>\nFinitions passepoils noir.<br \/>\nElastique \u00e0 la cheville et ouverture par un zip m\u00e9tallique.<\/p>\n<p>Prix 184\u20ac-60%=75\u20ac<\/p>\n","protected":false},"excerpt":{"rendered":"<p>Pantalon effet \u00e0 la texture plut\u00f4t iris\u00e9e en viscose-polyester , doubl\u00e9 vert. Finitions passepoils noir. Elastique \u00e0 la cheville et ouverture par un zip m\u00e9tallique. Prix 184\u20ac-60%=75\u20ac<\/p>\n","protected":false},"featured_media":648032,"comment_status":"open","ping_status":"closed","template":"","meta":[],"product_brand":[1310],"product_cat":[1756,1762],"product_tag":[1813],"acf":[],"_links":{"self":[{"href":"https:\/\/streetmarkets.fr\/app\/wp-json\/wp\/v2\/product\/648031"}],"collection":[{"href":"https:\/\/streetmarkets.fr\/app\/wp-json\/wp\/v2\/product"}],"about":[{"href":"https:\/\/streetmarkets.fr\/app\/wp-json\/wp\/v2\/types\/product"}],"replies":[{"embeddable":true,"href":"https:\/\/streetmarkets.fr\/app\/wp-json\/wp\/v2\/comments?post=648031"}],"wp:featuredmedia":[{"embeddable":true,"href":"https:\/\/streetmarkets.fr\/app\/wp-json\/wp\/v2\/media\/648032"}],"wp:attachment":[{"href":"https:\/\/streetmarkets.fr\/app\/wp-json\/wp\/v2\/media?parent=648031"}],"wp:term":[{"taxonomy":"product_brand","embeddable":true,"href":"https:\/\/streetmarkets.fr\/app\/wp-json\/wp\/v2\/product_brand?post=648031"},{"taxonomy":"product_cat","embeddable":true,"href":"https:\/\/streetmarkets.fr\/app\/wp-json\/wp\/v2\/product_cat?post=648031"},{"taxonomy":"product_tag","embeddable":true,"href":"https:\/\/streetmarkets.fr\/app\/wp-json\/wp\/v2\/product_tag?post=648031"}],"curies":[{"name":"wp","href":"https:\/\/api.w.org\/{rel}","templated":true}]}}