{"id":648024,"date":"2024-10-11T12:05:22","date_gmt":"2024-10-11T10:05:22","guid":{"rendered":"https:\/\/streetmarkets.fr\/app\/produit\/robe-bouquet-bleue\/"},"modified":"2026-04-18T05:21:05","modified_gmt":"2026-04-18T03:21:05","slug":"robe-bouquet-bleue","status":"publish","type":"product","link":"https:\/\/streetmarkets.fr\/app\/produit\/robe-bouquet-bleue\/","title":{"rendered":"Robe Bouquet Bleue"},"content":{"rendered":"<p>Robe en viscose imprim\u00e9e, doubl\u00e9e.<br \/>\nEncolure ronde, sur la photo (prototype) elle est assez proche du cou: en production l&#8217;encolure est plus ouverte, plut\u00f4t bateau, manches chauve-souris. Livr\u00e9e avec un gros grain pour souligner la taille.<br \/>\nTaille resserr\u00e9e et jupe sous genoux, plis \u00e0 la taille, poches sur couture de cot\u00e9, fermeture par un zip invisible milieu dos.<br \/>\nLongueur \u00e9paule-ourlet: 112cm <\/p>\n<p>Lavage \u00e0 la main ou d\u00e9licat<\/p>\n<p>Prix 258\u20ac-60%= 103\u20ac<\/p>\n","protected":false},"excerpt":{"rendered":"<p>Robe en viscose imprim\u00e9e, doubl\u00e9e. Encolure ronde, sur la photo (prototype) elle est assez proche du cou: en production l&#8217;encolure est plus ouverte, plut\u00f4t bateau, manches chauve-souris. Livr\u00e9e avec un gros grain pour souligner la taille. Taille resserr\u00e9e et jupe sous genoux, plis \u00e0 la taille, poches sur couture de cot\u00e9, fermeture par un zip [&hellip;]<\/p>\n","protected":false},"featured_media":648025,"comment_status":"open","ping_status":"closed","template":"","meta":[],"product_brand":[1310],"product_cat":[1756,1762],"product_tag":[1813],"acf":[],"_links":{"self":[{"href":"https:\/\/streetmarkets.fr\/app\/wp-json\/wp\/v2\/product\/648024"}],"collection":[{"href":"https:\/\/streetmarkets.fr\/app\/wp-json\/wp\/v2\/product"}],"about":[{"href":"https:\/\/streetmarkets.fr\/app\/wp-json\/wp\/v2\/types\/product"}],"replies":[{"embeddable":true,"href":"https:\/\/streetmarkets.fr\/app\/wp-json\/wp\/v2\/comments?post=648024"}],"wp:featuredmedia":[{"embeddable":true,"href":"https:\/\/streetmarkets.fr\/app\/wp-json\/wp\/v2\/media\/648025"}],"wp:attachment":[{"href":"https:\/\/streetmarkets.fr\/app\/wp-json\/wp\/v2\/media?parent=648024"}],"wp:term":[{"taxonomy":"product_brand","embeddable":true,"href":"https:\/\/streetmarkets.fr\/app\/wp-json\/wp\/v2\/product_brand?post=648024"},{"taxonomy":"product_cat","embeddable":true,"href":"https:\/\/streetmarkets.fr\/app\/wp-json\/wp\/v2\/product_cat?post=648024"},{"taxonomy":"product_tag","embeddable":true,"href":"https:\/\/streetmarkets.fr\/app\/wp-json\/wp\/v2\/product_tag?post=648024"}],"curies":[{"name":"wp","href":"https:\/\/api.w.org\/{rel}","templated":true}]}}