{"id":648002,"date":"2024-10-11T12:05:22","date_gmt":"2024-10-11T10:05:22","guid":{"rendered":"https:\/\/streetmarkets.fr\/app\/produit\/jupe-jungle-or\/"},"modified":"2026-05-09T05:20:57","modified_gmt":"2026-05-09T03:20:57","slug":"jupe-jungle-or","status":"publish","type":"product","link":"https:\/\/streetmarkets.fr\/app\/produit\/jupe-jungle-or\/","title":{"rendered":"Jupe Jungle OR"},"content":{"rendered":"<p>Jupe plis creux en jacquard de viscose aux nuances marine, verte et noire.<br \/>\nModele doubl\u00e9: longueur 60 cm.<br \/>\nATTENTION LE VERT NON DISPO : UNIQUEMENT OR<\/p>\n<p>Tiss\u00e9 en France<\/p>\n<p>Lavage \u00e0 la main ou d\u00e9licat<\/p>\n<p>Prix 229\u20ac-50%=114\u20ac<\/p>\n","protected":false},"excerpt":{"rendered":"<p>Jupe plis creux en jacquard de viscose aux nuances marine, verte et noire. Modele doubl\u00e9: longueur 60 cm. ATTENTION LE VERT NON DISPO : UNIQUEMENT OR Tiss\u00e9 en France Lavage \u00e0 la main ou d\u00e9licat Prix 229\u20ac-50%=114\u20ac<\/p>\n","protected":false},"featured_media":648003,"comment_status":"open","ping_status":"closed","template":"","meta":[],"product_brand":[1310],"product_cat":[1756,1762],"product_tag":[1813],"acf":[],"_links":{"self":[{"href":"https:\/\/streetmarkets.fr\/app\/wp-json\/wp\/v2\/product\/648002"}],"collection":[{"href":"https:\/\/streetmarkets.fr\/app\/wp-json\/wp\/v2\/product"}],"about":[{"href":"https:\/\/streetmarkets.fr\/app\/wp-json\/wp\/v2\/types\/product"}],"replies":[{"embeddable":true,"href":"https:\/\/streetmarkets.fr\/app\/wp-json\/wp\/v2\/comments?post=648002"}],"wp:featuredmedia":[{"embeddable":true,"href":"https:\/\/streetmarkets.fr\/app\/wp-json\/wp\/v2\/media\/648003"}],"wp:attachment":[{"href":"https:\/\/streetmarkets.fr\/app\/wp-json\/wp\/v2\/media?parent=648002"}],"wp:term":[{"taxonomy":"product_brand","embeddable":true,"href":"https:\/\/streetmarkets.fr\/app\/wp-json\/wp\/v2\/product_brand?post=648002"},{"taxonomy":"product_cat","embeddable":true,"href":"https:\/\/streetmarkets.fr\/app\/wp-json\/wp\/v2\/product_cat?post=648002"},{"taxonomy":"product_tag","embeddable":true,"href":"https:\/\/streetmarkets.fr\/app\/wp-json\/wp\/v2\/product_tag?post=648002"}],"curies":[{"name":"wp","href":"https:\/\/api.w.org\/{rel}","templated":true}]}}