{"id":647994,"date":"2024-10-11T12:05:21","date_gmt":"2024-10-11T10:05:21","guid":{"rendered":"https:\/\/streetmarkets.fr\/app\/produit\/pantalon-jungle-or\/"},"modified":"2026-04-08T05:21:06","modified_gmt":"2026-04-08T03:21:06","slug":"pantalon-jungle-or","status":"publish","type":"product","link":"https:\/\/streetmarkets.fr\/app\/produit\/pantalon-jungle-or\/","title":{"rendered":"Pantalon JUNGLE or"},"content":{"rendered":"<p>Pantalon doubl\u00e9 en jacquard de viscose aux nuances or et noir.<br \/>\nFinitions passepoils noirs.<\/p>\n<p>Tiss\u00e9 en France<\/p>\n<p>Lavage \u00e0 la main ou d\u00e9licat<\/p>\n<p>Prix 229\u20ac-60%=92\u20ac<\/p>\n","protected":false},"excerpt":{"rendered":"<p>Pantalon doubl\u00e9 en jacquard de viscose aux nuances or et noir. Finitions passepoils noirs. Tiss\u00e9 en France Lavage \u00e0 la main ou d\u00e9licat Prix 229\u20ac-60%=92\u20ac<\/p>\n","protected":false},"featured_media":647995,"comment_status":"open","ping_status":"closed","template":"","meta":[],"product_brand":[1310],"product_cat":[1756,1762],"product_tag":[1813],"acf":[],"_links":{"self":[{"href":"https:\/\/streetmarkets.fr\/app\/wp-json\/wp\/v2\/product\/647994"}],"collection":[{"href":"https:\/\/streetmarkets.fr\/app\/wp-json\/wp\/v2\/product"}],"about":[{"href":"https:\/\/streetmarkets.fr\/app\/wp-json\/wp\/v2\/types\/product"}],"replies":[{"embeddable":true,"href":"https:\/\/streetmarkets.fr\/app\/wp-json\/wp\/v2\/comments?post=647994"}],"wp:featuredmedia":[{"embeddable":true,"href":"https:\/\/streetmarkets.fr\/app\/wp-json\/wp\/v2\/media\/647995"}],"wp:attachment":[{"href":"https:\/\/streetmarkets.fr\/app\/wp-json\/wp\/v2\/media?parent=647994"}],"wp:term":[{"taxonomy":"product_brand","embeddable":true,"href":"https:\/\/streetmarkets.fr\/app\/wp-json\/wp\/v2\/product_brand?post=647994"},{"taxonomy":"product_cat","embeddable":true,"href":"https:\/\/streetmarkets.fr\/app\/wp-json\/wp\/v2\/product_cat?post=647994"},{"taxonomy":"product_tag","embeddable":true,"href":"https:\/\/streetmarkets.fr\/app\/wp-json\/wp\/v2\/product_tag?post=647994"}],"curies":[{"name":"wp","href":"https:\/\/api.w.org\/{rel}","templated":true}]}}