{"id":647970,"date":"2024-10-11T12:05:21","date_gmt":"2024-10-11T10:05:21","guid":{"rendered":"https:\/\/streetmarkets.fr\/app\/produit\/jupe-prince-de-galles\/"},"modified":"2026-05-10T05:20:43","modified_gmt":"2026-05-10T03:20:43","slug":"jupe-prince-de-galles","status":"publish","type":"product","link":"https:\/\/streetmarkets.fr\/app\/produit\/jupe-prince-de-galles\/","title":{"rendered":"Jupe Prince de Galles"},"content":{"rendered":"<p>Jupe courte eTn prince de Galles marqu\u00e9e de galon tress\u00e9 \u00e0 la taille.<\/p>\n<p>Mod\u00e8le doubl\u00e9, longueur: 47 cm<br \/>\nVersion prince de Galles gris avec galon bleu (gris)<br \/>\nversion prince de Galles marron avec galon rouge (marron)<\/p>\n<p>Lavage \u00e0 la main ou d\u00e9licat<\/p>\n<p>Prix 174\u20ac-50\u20ac=87\u20ac<\/p>\n","protected":false},"excerpt":{"rendered":"<p>Jupe courte eTn prince de Galles marqu\u00e9e de galon tress\u00e9 \u00e0 la taille. Mod\u00e8le doubl\u00e9, longueur: 47 cm Version prince de Galles gris avec galon bleu (gris) version prince de Galles marron avec galon rouge (marron) Lavage \u00e0 la main ou d\u00e9licat Prix 174\u20ac-50\u20ac=87\u20ac<\/p>\n","protected":false},"featured_media":647971,"comment_status":"open","ping_status":"closed","template":"","meta":[],"product_brand":[1310],"product_cat":[1756,1762],"product_tag":[1813],"acf":[],"_links":{"self":[{"href":"https:\/\/streetmarkets.fr\/app\/wp-json\/wp\/v2\/product\/647970"}],"collection":[{"href":"https:\/\/streetmarkets.fr\/app\/wp-json\/wp\/v2\/product"}],"about":[{"href":"https:\/\/streetmarkets.fr\/app\/wp-json\/wp\/v2\/types\/product"}],"replies":[{"embeddable":true,"href":"https:\/\/streetmarkets.fr\/app\/wp-json\/wp\/v2\/comments?post=647970"}],"wp:featuredmedia":[{"embeddable":true,"href":"https:\/\/streetmarkets.fr\/app\/wp-json\/wp\/v2\/media\/647971"}],"wp:attachment":[{"href":"https:\/\/streetmarkets.fr\/app\/wp-json\/wp\/v2\/media?parent=647970"}],"wp:term":[{"taxonomy":"product_brand","embeddable":true,"href":"https:\/\/streetmarkets.fr\/app\/wp-json\/wp\/v2\/product_brand?post=647970"},{"taxonomy":"product_cat","embeddable":true,"href":"https:\/\/streetmarkets.fr\/app\/wp-json\/wp\/v2\/product_cat?post=647970"},{"taxonomy":"product_tag","embeddable":true,"href":"https:\/\/streetmarkets.fr\/app\/wp-json\/wp\/v2\/product_tag?post=647970"}],"curies":[{"name":"wp","href":"https:\/\/api.w.org\/{rel}","templated":true}]}}