{"id":647962,"date":"2024-10-11T12:05:21","date_gmt":"2024-10-11T10:05:21","guid":{"rendered":"https:\/\/streetmarkets.fr\/app\/produit\/sweat-vert-20\/"},"modified":"2026-04-25T05:20:59","modified_gmt":"2026-04-25T03:20:59","slug":"sweat-vert-20","status":"publish","type":"product","link":"https:\/\/streetmarkets.fr\/app\/produit\/sweat-vert-20\/","title":{"rendered":"Sweat vert 20"},"content":{"rendered":"<p>Haut en prince de Galles floqu\u00e9 rouge &#8220;20&#8221;, boutonn\u00e9 dans le dos manches en molleton vert.<\/p>\n<p>Lavage \u00e0 la main ou d\u00e9licat<\/p>\n<p>Prix 178 \u20ac-60%=71\u20ac<\/p>\n","protected":false},"excerpt":{"rendered":"<p>Haut en prince de Galles floqu\u00e9 rouge &#8220;20&#8221;, boutonn\u00e9 dans le dos manches en molleton vert. Lavage \u00e0 la main ou d\u00e9licat Prix 178 \u20ac-60%=71\u20ac<\/p>\n","protected":false},"featured_media":647963,"comment_status":"open","ping_status":"closed","template":"","meta":[],"product_brand":[1310],"product_cat":[1756,1762],"product_tag":[1813],"acf":[],"_links":{"self":[{"href":"https:\/\/streetmarkets.fr\/app\/wp-json\/wp\/v2\/product\/647962"}],"collection":[{"href":"https:\/\/streetmarkets.fr\/app\/wp-json\/wp\/v2\/product"}],"about":[{"href":"https:\/\/streetmarkets.fr\/app\/wp-json\/wp\/v2\/types\/product"}],"replies":[{"embeddable":true,"href":"https:\/\/streetmarkets.fr\/app\/wp-json\/wp\/v2\/comments?post=647962"}],"wp:featuredmedia":[{"embeddable":true,"href":"https:\/\/streetmarkets.fr\/app\/wp-json\/wp\/v2\/media\/647963"}],"wp:attachment":[{"href":"https:\/\/streetmarkets.fr\/app\/wp-json\/wp\/v2\/media?parent=647962"}],"wp:term":[{"taxonomy":"product_brand","embeddable":true,"href":"https:\/\/streetmarkets.fr\/app\/wp-json\/wp\/v2\/product_brand?post=647962"},{"taxonomy":"product_cat","embeddable":true,"href":"https:\/\/streetmarkets.fr\/app\/wp-json\/wp\/v2\/product_cat?post=647962"},{"taxonomy":"product_tag","embeddable":true,"href":"https:\/\/streetmarkets.fr\/app\/wp-json\/wp\/v2\/product_tag?post=647962"}],"curies":[{"name":"wp","href":"https:\/\/api.w.org\/{rel}","templated":true}]}}