{"id":647938,"date":"2024-10-11T12:05:21","date_gmt":"2024-10-11T10:05:21","guid":{"rendered":"https:\/\/streetmarkets.fr\/app\/produit\/pantalon-sam-gris\/"},"modified":"2026-04-18T05:20:47","modified_gmt":"2026-04-18T03:20:47","slug":"pantalon-sam-gris","status":"publish","type":"product","link":"https:\/\/streetmarkets.fr\/app\/produit\/pantalon-sam-gris\/","title":{"rendered":"Pantalon Sam gris"},"content":{"rendered":"<p>Pantalon taille haute ceintur\u00e9 par un ruban amovible poches gans\u00e9es de ruban.<br \/>\nmati\u00e8re lin coton gris chin\u00e9  (bonne tenue du tissu qui ne froisse pas comme un 100% lin).<\/p>\n<p>175\u20ac-50%: 87,50\u20ac<\/p>\n","protected":false},"excerpt":{"rendered":"<p>Pantalon taille haute ceintur\u00e9 par un ruban amovible poches gans\u00e9es de ruban. mati\u00e8re lin coton gris chin\u00e9 (bonne tenue du tissu qui ne froisse pas comme un 100% lin). 175\u20ac-50%: 87,50\u20ac<\/p>\n","protected":false},"featured_media":647939,"comment_status":"open","ping_status":"closed","template":"","meta":[],"product_brand":[1310],"product_cat":[1756,1762],"product_tag":[1813],"acf":[],"_links":{"self":[{"href":"https:\/\/streetmarkets.fr\/app\/wp-json\/wp\/v2\/product\/647938"}],"collection":[{"href":"https:\/\/streetmarkets.fr\/app\/wp-json\/wp\/v2\/product"}],"about":[{"href":"https:\/\/streetmarkets.fr\/app\/wp-json\/wp\/v2\/types\/product"}],"replies":[{"embeddable":true,"href":"https:\/\/streetmarkets.fr\/app\/wp-json\/wp\/v2\/comments?post=647938"}],"wp:featuredmedia":[{"embeddable":true,"href":"https:\/\/streetmarkets.fr\/app\/wp-json\/wp\/v2\/media\/647939"}],"wp:attachment":[{"href":"https:\/\/streetmarkets.fr\/app\/wp-json\/wp\/v2\/media?parent=647938"}],"wp:term":[{"taxonomy":"product_brand","embeddable":true,"href":"https:\/\/streetmarkets.fr\/app\/wp-json\/wp\/v2\/product_brand?post=647938"},{"taxonomy":"product_cat","embeddable":true,"href":"https:\/\/streetmarkets.fr\/app\/wp-json\/wp\/v2\/product_cat?post=647938"},{"taxonomy":"product_tag","embeddable":true,"href":"https:\/\/streetmarkets.fr\/app\/wp-json\/wp\/v2\/product_tag?post=647938"}],"curies":[{"name":"wp","href":"https:\/\/api.w.org\/{rel}","templated":true}]}}