{"id":647930,"date":"2024-10-11T12:05:20","date_gmt":"2024-10-11T10:05:20","guid":{"rendered":"https:\/\/streetmarkets.fr\/app\/produit\/chemise-cherry\/"},"modified":"2026-04-19T05:21:08","modified_gmt":"2026-04-19T03:21:08","slug":"chemise-cherry","status":"publish","type":"product","link":"https:\/\/streetmarkets.fr\/app\/produit\/chemise-cherry\/","title":{"rendered":"Chemise Cherry"},"content":{"rendered":"<p>Chemise l\u00e9g\u00e8re en coton imprim\u00e9 liberty Of London.<br \/>\nBordure de coton noir asym\u00e9trique sur le boutonnage devant.<br \/>\nAttention la couleur en vente est la plus color\u00e9e, acidul\u00e9e.<\/p>\n<p>155 \u20ac-50%: 78\u20ac<\/p>\n","protected":false},"excerpt":{"rendered":"<p>Chemise l\u00e9g\u00e8re en coton imprim\u00e9 liberty Of London. Bordure de coton noir asym\u00e9trique sur le boutonnage devant. Attention la couleur en vente est la plus color\u00e9e, acidul\u00e9e. 155 \u20ac-50%: 78\u20ac<\/p>\n","protected":false},"featured_media":647931,"comment_status":"open","ping_status":"closed","template":"","meta":[],"product_brand":[1310],"product_cat":[1756,1762],"product_tag":[1813],"acf":[],"_links":{"self":[{"href":"https:\/\/streetmarkets.fr\/app\/wp-json\/wp\/v2\/product\/647930"}],"collection":[{"href":"https:\/\/streetmarkets.fr\/app\/wp-json\/wp\/v2\/product"}],"about":[{"href":"https:\/\/streetmarkets.fr\/app\/wp-json\/wp\/v2\/types\/product"}],"replies":[{"embeddable":true,"href":"https:\/\/streetmarkets.fr\/app\/wp-json\/wp\/v2\/comments?post=647930"}],"wp:featuredmedia":[{"embeddable":true,"href":"https:\/\/streetmarkets.fr\/app\/wp-json\/wp\/v2\/media\/647931"}],"wp:attachment":[{"href":"https:\/\/streetmarkets.fr\/app\/wp-json\/wp\/v2\/media?parent=647930"}],"wp:term":[{"taxonomy":"product_brand","embeddable":true,"href":"https:\/\/streetmarkets.fr\/app\/wp-json\/wp\/v2\/product_brand?post=647930"},{"taxonomy":"product_cat","embeddable":true,"href":"https:\/\/streetmarkets.fr\/app\/wp-json\/wp\/v2\/product_cat?post=647930"},{"taxonomy":"product_tag","embeddable":true,"href":"https:\/\/streetmarkets.fr\/app\/wp-json\/wp\/v2\/product_tag?post=647930"}],"curies":[{"name":"wp","href":"https:\/\/api.w.org\/{rel}","templated":true}]}}