{"id":647915,"date":"2024-10-11T12:05:04","date_gmt":"2024-10-11T10:05:04","guid":{"rendered":"https:\/\/streetmarkets.fr\/app\/produit\/chemise-flow\/"},"modified":"2026-05-07T05:20:53","modified_gmt":"2026-05-07T03:20:53","slug":"chemise-flow","status":"publish","type":"product","link":"https:\/\/streetmarkets.fr\/app\/produit\/chemise-flow\/","title":{"rendered":"Chemise Flow"},"content":{"rendered":"<p>Chemise l\u00e9g\u00e8re en coton tiss\u00e9 rose p\u00e2le \u00e0 rayures d\u00e9licates.<\/p>\n<p>138 \u20ac-50%=69\u20ac<\/p>\n","protected":false},"excerpt":{"rendered":"<p>Chemise l\u00e9g\u00e8re en coton tiss\u00e9 rose p\u00e2le \u00e0 rayures d\u00e9licates. 138 \u20ac-50%=69\u20ac<\/p>\n","protected":false},"featured_media":647916,"comment_status":"open","ping_status":"closed","template":"","meta":[],"product_brand":[1310],"product_cat":[1756,1762],"product_tag":[1813],"acf":[],"_links":{"self":[{"href":"https:\/\/streetmarkets.fr\/app\/wp-json\/wp\/v2\/product\/647915"}],"collection":[{"href":"https:\/\/streetmarkets.fr\/app\/wp-json\/wp\/v2\/product"}],"about":[{"href":"https:\/\/streetmarkets.fr\/app\/wp-json\/wp\/v2\/types\/product"}],"replies":[{"embeddable":true,"href":"https:\/\/streetmarkets.fr\/app\/wp-json\/wp\/v2\/comments?post=647915"}],"wp:featuredmedia":[{"embeddable":true,"href":"https:\/\/streetmarkets.fr\/app\/wp-json\/wp\/v2\/media\/647916"}],"wp:attachment":[{"href":"https:\/\/streetmarkets.fr\/app\/wp-json\/wp\/v2\/media?parent=647915"}],"wp:term":[{"taxonomy":"product_brand","embeddable":true,"href":"https:\/\/streetmarkets.fr\/app\/wp-json\/wp\/v2\/product_brand?post=647915"},{"taxonomy":"product_cat","embeddable":true,"href":"https:\/\/streetmarkets.fr\/app\/wp-json\/wp\/v2\/product_cat?post=647915"},{"taxonomy":"product_tag","embeddable":true,"href":"https:\/\/streetmarkets.fr\/app\/wp-json\/wp\/v2\/product_tag?post=647915"}],"curies":[{"name":"wp","href":"https:\/\/api.w.org\/{rel}","templated":true}]}}