{"id":647883,"date":"2024-10-11T12:05:04","date_gmt":"2024-10-11T10:05:04","guid":{"rendered":"https:\/\/streetmarkets.fr\/app\/produit\/jupze-croisette-jaune\/"},"modified":"2026-05-07T05:20:53","modified_gmt":"2026-05-07T03:20:53","slug":"jupze-croisette-jaune","status":"publish","type":"product","link":"https:\/\/streetmarkets.fr\/app\/produit\/jupze-croisette-jaune\/","title":{"rendered":"Jupze Croisette Jaune"},"content":{"rendered":"<p>Jupe en coton et \u00e9lasthanne coup\u00e9e dans diff\u00e9rents biais afin d&#8217;obtenir ces d\u00e9coupes g\u00e9om\u00e9triques rebord\u00e9es de ganses ray\u00e9es contrast\u00e9es.<br \/>\nDoublure en coton zip invisible milieu dos.<br \/>\nTaille plut\u00f4t petit.<br \/>\n218\u20ac-50%: 109\u20ac<\/p>\n","protected":false},"excerpt":{"rendered":"<p>Jupe en coton et \u00e9lasthanne coup\u00e9e dans diff\u00e9rents biais afin d&#8217;obtenir ces d\u00e9coupes g\u00e9om\u00e9triques rebord\u00e9es de ganses ray\u00e9es contrast\u00e9es. Doublure en coton zip invisible milieu dos. Taille plut\u00f4t petit. 218\u20ac-50%: 109\u20ac<\/p>\n","protected":false},"featured_media":647884,"comment_status":"open","ping_status":"closed","template":"","meta":[],"product_brand":[1310],"product_cat":[1756,1762],"product_tag":[1813],"acf":[],"_links":{"self":[{"href":"https:\/\/streetmarkets.fr\/app\/wp-json\/wp\/v2\/product\/647883"}],"collection":[{"href":"https:\/\/streetmarkets.fr\/app\/wp-json\/wp\/v2\/product"}],"about":[{"href":"https:\/\/streetmarkets.fr\/app\/wp-json\/wp\/v2\/types\/product"}],"replies":[{"embeddable":true,"href":"https:\/\/streetmarkets.fr\/app\/wp-json\/wp\/v2\/comments?post=647883"}],"wp:featuredmedia":[{"embeddable":true,"href":"https:\/\/streetmarkets.fr\/app\/wp-json\/wp\/v2\/media\/647884"}],"wp:attachment":[{"href":"https:\/\/streetmarkets.fr\/app\/wp-json\/wp\/v2\/media?parent=647883"}],"wp:term":[{"taxonomy":"product_brand","embeddable":true,"href":"https:\/\/streetmarkets.fr\/app\/wp-json\/wp\/v2\/product_brand?post=647883"},{"taxonomy":"product_cat","embeddable":true,"href":"https:\/\/streetmarkets.fr\/app\/wp-json\/wp\/v2\/product_cat?post=647883"},{"taxonomy":"product_tag","embeddable":true,"href":"https:\/\/streetmarkets.fr\/app\/wp-json\/wp\/v2\/product_tag?post=647883"}],"curies":[{"name":"wp","href":"https:\/\/api.w.org\/{rel}","templated":true}]}}