{"id":647870,"date":"2024-10-11T12:05:04","date_gmt":"2024-10-11T10:05:04","guid":{"rendered":"https:\/\/streetmarkets.fr\/app\/produit\/robe-vichy-rouge\/"},"modified":"2026-05-06T05:20:41","modified_gmt":"2026-05-06T03:20:41","slug":"robe-vichy-rouge","status":"publish","type":"product","link":"https:\/\/streetmarkets.fr\/app\/produit\/robe-vichy-rouge\/","title":{"rendered":"Robe VICHY rouge"},"content":{"rendered":"<p>Robe chemisier de coton en tissage gauffr\u00e9.<br \/>\nPoignets tricot\u00e9s et contrast\u00e9s, ceinture et poches dans  la jupe \u00e0 plis.<br \/>\nLa jupe est doubl\u00e9e de voile de coton.<\/p>\n<p>238\u20ac-60%: 95\u20ac<\/p>\n","protected":false},"excerpt":{"rendered":"<p>Robe chemisier de coton en tissage gauffr\u00e9. Poignets tricot\u00e9s et contrast\u00e9s, ceinture et poches dans la jupe \u00e0 plis. La jupe est doubl\u00e9e de voile de coton. 238\u20ac-60%: 95\u20ac<\/p>\n","protected":false},"featured_media":647871,"comment_status":"open","ping_status":"closed","template":"","meta":[],"product_brand":[1310],"product_cat":[1756,1762],"product_tag":[1813],"acf":[],"_links":{"self":[{"href":"https:\/\/streetmarkets.fr\/app\/wp-json\/wp\/v2\/product\/647870"}],"collection":[{"href":"https:\/\/streetmarkets.fr\/app\/wp-json\/wp\/v2\/product"}],"about":[{"href":"https:\/\/streetmarkets.fr\/app\/wp-json\/wp\/v2\/types\/product"}],"replies":[{"embeddable":true,"href":"https:\/\/streetmarkets.fr\/app\/wp-json\/wp\/v2\/comments?post=647870"}],"wp:featuredmedia":[{"embeddable":true,"href":"https:\/\/streetmarkets.fr\/app\/wp-json\/wp\/v2\/media\/647871"}],"wp:attachment":[{"href":"https:\/\/streetmarkets.fr\/app\/wp-json\/wp\/v2\/media?parent=647870"}],"wp:term":[{"taxonomy":"product_brand","embeddable":true,"href":"https:\/\/streetmarkets.fr\/app\/wp-json\/wp\/v2\/product_brand?post=647870"},{"taxonomy":"product_cat","embeddable":true,"href":"https:\/\/streetmarkets.fr\/app\/wp-json\/wp\/v2\/product_cat?post=647870"},{"taxonomy":"product_tag","embeddable":true,"href":"https:\/\/streetmarkets.fr\/app\/wp-json\/wp\/v2\/product_tag?post=647870"}],"curies":[{"name":"wp","href":"https:\/\/api.w.org\/{rel}","templated":true}]}}