{"id":647828,"date":"2024-10-11T12:05:03","date_gmt":"2024-10-11T10:05:03","guid":{"rendered":"https:\/\/streetmarkets.fr\/app\/produit\/jupe-palm-springs\/"},"modified":"2026-04-21T05:20:55","modified_gmt":"2026-04-21T03:20:55","slug":"jupe-palm-springs","status":"publish","type":"product","link":"https:\/\/streetmarkets.fr\/app\/produit\/jupe-palm-springs\/","title":{"rendered":"Jupe Palm Springs"},"content":{"rendered":"<p>Jupe en toile de coton aux d\u00e9coupes soulign\u00e9es de passepoil marine.<br \/>\nDoubl\u00e9e de voile de coton.<br \/>\nD\u00e9coupe en triangle sur le devant avec deux poches, d\u00e9coupes cow-boy dans le dos.<\/p>\n<p>Coloris:<br \/>\nrose p\u00e2le, vert amande et bleu glacier<\/p>\n","protected":false},"excerpt":{"rendered":"<p>Jupe en toile de coton aux d\u00e9coupes soulign\u00e9es de passepoil marine. Doubl\u00e9e de voile de coton. D\u00e9coupe en triangle sur le devant avec deux poches, d\u00e9coupes cow-boy dans le dos. Coloris: rose p\u00e2le, vert amande et bleu glacier<\/p>\n","protected":false},"featured_media":647829,"comment_status":"open","ping_status":"closed","template":"","meta":[],"product_brand":[1310],"product_cat":[1756,1762],"product_tag":[1813],"acf":[],"_links":{"self":[{"href":"https:\/\/streetmarkets.fr\/app\/wp-json\/wp\/v2\/product\/647828"}],"collection":[{"href":"https:\/\/streetmarkets.fr\/app\/wp-json\/wp\/v2\/product"}],"about":[{"href":"https:\/\/streetmarkets.fr\/app\/wp-json\/wp\/v2\/types\/product"}],"replies":[{"embeddable":true,"href":"https:\/\/streetmarkets.fr\/app\/wp-json\/wp\/v2\/comments?post=647828"}],"wp:featuredmedia":[{"embeddable":true,"href":"https:\/\/streetmarkets.fr\/app\/wp-json\/wp\/v2\/media\/647829"}],"wp:attachment":[{"href":"https:\/\/streetmarkets.fr\/app\/wp-json\/wp\/v2\/media?parent=647828"}],"wp:term":[{"taxonomy":"product_brand","embeddable":true,"href":"https:\/\/streetmarkets.fr\/app\/wp-json\/wp\/v2\/product_brand?post=647828"},{"taxonomy":"product_cat","embeddable":true,"href":"https:\/\/streetmarkets.fr\/app\/wp-json\/wp\/v2\/product_cat?post=647828"},{"taxonomy":"product_tag","embeddable":true,"href":"https:\/\/streetmarkets.fr\/app\/wp-json\/wp\/v2\/product_tag?post=647828"}],"curies":[{"name":"wp","href":"https:\/\/api.w.org\/{rel}","templated":true}]}}