{"id":647808,"date":"2024-10-11T12:05:03","date_gmt":"2024-10-11T10:05:03","guid":{"rendered":"https:\/\/streetmarkets.fr\/app\/produit\/jupe-lotus-noire\/"},"modified":"2026-05-07T05:20:52","modified_gmt":"2026-05-07T03:20:52","slug":"jupe-lotus-noire","status":"publish","type":"product","link":"https:\/\/streetmarkets.fr\/app\/produit\/jupe-lotus-noire\/","title":{"rendered":"Jupe Lotus noire"},"content":{"rendered":"<p>Jupe doubl\u00e9e en viscose imprim\u00e9e, ceinture gans\u00e9e.<br \/>\nMod\u00e8le qui taille petit: prendre la taille au dessus de celle habituelle.<\/p>\n<p>Noir<\/p>\n","protected":false},"excerpt":{"rendered":"<p>Jupe doubl\u00e9e en viscose imprim\u00e9e, ceinture gans\u00e9e. Mod\u00e8le qui taille petit: prendre la taille au dessus de celle habituelle. Noir<\/p>\n","protected":false},"featured_media":647809,"comment_status":"open","ping_status":"closed","template":"","meta":[],"product_brand":[1310],"product_cat":[1756,1762],"product_tag":[1813],"acf":[],"_links":{"self":[{"href":"https:\/\/streetmarkets.fr\/app\/wp-json\/wp\/v2\/product\/647808"}],"collection":[{"href":"https:\/\/streetmarkets.fr\/app\/wp-json\/wp\/v2\/product"}],"about":[{"href":"https:\/\/streetmarkets.fr\/app\/wp-json\/wp\/v2\/types\/product"}],"replies":[{"embeddable":true,"href":"https:\/\/streetmarkets.fr\/app\/wp-json\/wp\/v2\/comments?post=647808"}],"wp:featuredmedia":[{"embeddable":true,"href":"https:\/\/streetmarkets.fr\/app\/wp-json\/wp\/v2\/media\/647809"}],"wp:attachment":[{"href":"https:\/\/streetmarkets.fr\/app\/wp-json\/wp\/v2\/media?parent=647808"}],"wp:term":[{"taxonomy":"product_brand","embeddable":true,"href":"https:\/\/streetmarkets.fr\/app\/wp-json\/wp\/v2\/product_brand?post=647808"},{"taxonomy":"product_cat","embeddable":true,"href":"https:\/\/streetmarkets.fr\/app\/wp-json\/wp\/v2\/product_cat?post=647808"},{"taxonomy":"product_tag","embeddable":true,"href":"https:\/\/streetmarkets.fr\/app\/wp-json\/wp\/v2\/product_tag?post=647808"}],"curies":[{"name":"wp","href":"https:\/\/api.w.org\/{rel}","templated":true}]}}