{"id":647783,"date":"2024-10-11T12:05:02","date_gmt":"2024-10-11T10:05:02","guid":{"rendered":"https:\/\/streetmarkets.fr\/app\/produit\/jupe-dylan\/"},"modified":"2026-05-08T05:20:42","modified_gmt":"2026-05-08T03:20:42","slug":"jupe-dylan","status":"publish","type":"product","link":"https:\/\/streetmarkets.fr\/app\/produit\/jupe-dylan\/","title":{"rendered":"Jupe DYLAN"},"content":{"rendered":"<p>Jupe Droite doubl\u00e9e, ceinture \u00e0 la taille, en laine m\u00e9lang\u00e9e plut\u00f4t souple.<br \/>\nRivets m\u00e9talliques appliqu\u00e9s sur les deux larges poches sur le devant, ainsi qu&#8217;\u00e0 la ceinture.<br \/>\nColoris noir<br \/>\ntaille du mannequin: 1m80<\/p>\n<p> Lavage main ou cycle laine<\/p>\n","protected":false},"excerpt":{"rendered":"<p>Jupe Droite doubl\u00e9e, ceinture \u00e0 la taille, en laine m\u00e9lang\u00e9e plut\u00f4t souple. Rivets m\u00e9talliques appliqu\u00e9s sur les deux larges poches sur le devant, ainsi qu&#8217;\u00e0 la ceinture. Coloris noir taille du mannequin: 1m80 Lavage main ou cycle laine<\/p>\n","protected":false},"featured_media":647784,"comment_status":"open","ping_status":"closed","template":"","meta":[],"product_brand":[1310],"product_cat":[1756,1762],"product_tag":[1813],"acf":[],"_links":{"self":[{"href":"https:\/\/streetmarkets.fr\/app\/wp-json\/wp\/v2\/product\/647783"}],"collection":[{"href":"https:\/\/streetmarkets.fr\/app\/wp-json\/wp\/v2\/product"}],"about":[{"href":"https:\/\/streetmarkets.fr\/app\/wp-json\/wp\/v2\/types\/product"}],"replies":[{"embeddable":true,"href":"https:\/\/streetmarkets.fr\/app\/wp-json\/wp\/v2\/comments?post=647783"}],"wp:featuredmedia":[{"embeddable":true,"href":"https:\/\/streetmarkets.fr\/app\/wp-json\/wp\/v2\/media\/647784"}],"wp:attachment":[{"href":"https:\/\/streetmarkets.fr\/app\/wp-json\/wp\/v2\/media?parent=647783"}],"wp:term":[{"taxonomy":"product_brand","embeddable":true,"href":"https:\/\/streetmarkets.fr\/app\/wp-json\/wp\/v2\/product_brand?post=647783"},{"taxonomy":"product_cat","embeddable":true,"href":"https:\/\/streetmarkets.fr\/app\/wp-json\/wp\/v2\/product_cat?post=647783"},{"taxonomy":"product_tag","embeddable":true,"href":"https:\/\/streetmarkets.fr\/app\/wp-json\/wp\/v2\/product_tag?post=647783"}],"curies":[{"name":"wp","href":"https:\/\/api.w.org\/{rel}","templated":true}]}}