{"id":647735,"date":"2024-10-11T12:05:00","date_gmt":"2024-10-11T10:05:00","guid":{"rendered":"https:\/\/streetmarkets.fr\/app\/produit\/jupe-billy\/"},"modified":"2026-05-08T05:20:41","modified_gmt":"2026-05-08T03:20:41","slug":"jupe-billy","status":"publish","type":"product","link":"https:\/\/streetmarkets.fr\/app\/produit\/jupe-billy\/","title":{"rendered":"JUPE BILLY"},"content":{"rendered":"<p>Jupe courte \u00e0 carreaux en coton. Mod\u00e8le doubl\u00e9. motif iris\u00e9 avec lurex par endroits.<\/p>\n<p>Col Bleu<br \/>\nCol turquoise<\/p>\n","protected":false},"excerpt":{"rendered":"<p>Jupe courte \u00e0 carreaux en coton. Mod\u00e8le doubl\u00e9. motif iris\u00e9 avec lurex par endroits. Col Bleu Col turquoise<\/p>\n","protected":false},"featured_media":647736,"comment_status":"open","ping_status":"closed","template":"","meta":[],"product_brand":[1310],"product_cat":[1756,1762],"product_tag":[1813],"acf":[],"_links":{"self":[{"href":"https:\/\/streetmarkets.fr\/app\/wp-json\/wp\/v2\/product\/647735"}],"collection":[{"href":"https:\/\/streetmarkets.fr\/app\/wp-json\/wp\/v2\/product"}],"about":[{"href":"https:\/\/streetmarkets.fr\/app\/wp-json\/wp\/v2\/types\/product"}],"replies":[{"embeddable":true,"href":"https:\/\/streetmarkets.fr\/app\/wp-json\/wp\/v2\/comments?post=647735"}],"wp:featuredmedia":[{"embeddable":true,"href":"https:\/\/streetmarkets.fr\/app\/wp-json\/wp\/v2\/media\/647736"}],"wp:attachment":[{"href":"https:\/\/streetmarkets.fr\/app\/wp-json\/wp\/v2\/media?parent=647735"}],"wp:term":[{"taxonomy":"product_brand","embeddable":true,"href":"https:\/\/streetmarkets.fr\/app\/wp-json\/wp\/v2\/product_brand?post=647735"},{"taxonomy":"product_cat","embeddable":true,"href":"https:\/\/streetmarkets.fr\/app\/wp-json\/wp\/v2\/product_cat?post=647735"},{"taxonomy":"product_tag","embeddable":true,"href":"https:\/\/streetmarkets.fr\/app\/wp-json\/wp\/v2\/product_tag?post=647735"}],"curies":[{"name":"wp","href":"https:\/\/api.w.org\/{rel}","templated":true}]}}