{"id":647704,"date":"2024-10-11T12:05:00","date_gmt":"2024-10-11T10:05:00","guid":{"rendered":"https:\/\/streetmarkets.fr\/app\/produit\/pull-triangle\/"},"modified":"2026-05-03T05:20:52","modified_gmt":"2026-05-03T03:20:52","slug":"pull-triangle","status":"publish","type":"product","link":"https:\/\/streetmarkets.fr\/app\/produit\/pull-triangle\/","title":{"rendered":"Pull Triangle"},"content":{"rendered":"<p>Pull en laine (70% ) en maille fine. d\u00e9coupe g\u00e9om\u00e9trique sur le devant.<\/p>\n<p>Variante Rouge\/rose, noir\/beige et marine\/rouge<\/p>\n","protected":false},"excerpt":{"rendered":"<p>Pull en laine (70% ) en maille fine. d\u00e9coupe g\u00e9om\u00e9trique sur le devant. Variante Rouge\/rose, noir\/beige et marine\/rouge<\/p>\n","protected":false},"featured_media":647705,"comment_status":"open","ping_status":"closed","template":"","meta":[],"product_brand":[1310],"product_cat":[1756,1762],"product_tag":[1813],"acf":[],"_links":{"self":[{"href":"https:\/\/streetmarkets.fr\/app\/wp-json\/wp\/v2\/product\/647704"}],"collection":[{"href":"https:\/\/streetmarkets.fr\/app\/wp-json\/wp\/v2\/product"}],"about":[{"href":"https:\/\/streetmarkets.fr\/app\/wp-json\/wp\/v2\/types\/product"}],"replies":[{"embeddable":true,"href":"https:\/\/streetmarkets.fr\/app\/wp-json\/wp\/v2\/comments?post=647704"}],"wp:featuredmedia":[{"embeddable":true,"href":"https:\/\/streetmarkets.fr\/app\/wp-json\/wp\/v2\/media\/647705"}],"wp:attachment":[{"href":"https:\/\/streetmarkets.fr\/app\/wp-json\/wp\/v2\/media?parent=647704"}],"wp:term":[{"taxonomy":"product_brand","embeddable":true,"href":"https:\/\/streetmarkets.fr\/app\/wp-json\/wp\/v2\/product_brand?post=647704"},{"taxonomy":"product_cat","embeddable":true,"href":"https:\/\/streetmarkets.fr\/app\/wp-json\/wp\/v2\/product_cat?post=647704"},{"taxonomy":"product_tag","embeddable":true,"href":"https:\/\/streetmarkets.fr\/app\/wp-json\/wp\/v2\/product_tag?post=647704"}],"curies":[{"name":"wp","href":"https:\/\/api.w.org\/{rel}","templated":true}]}}