{"id":645798,"date":"2024-10-10T13:54:04","date_gmt":"2024-10-10T11:54:04","guid":{"rendered":"https:\/\/streetmarkets.fr\/app\/produit\/veste-varsity-jacket-vintage-coach-4\/"},"modified":"2026-05-09T09:37:30","modified_gmt":"2026-05-09T07:37:30","slug":"veste-varsity-jacket-vintage-coach-4","status":"publish","type":"product","link":"https:\/\/streetmarkets.fr\/app\/produit\/veste-varsity-jacket-vintage-coach-4\/","title":{"rendered":"Veste Varsity Jacket Vintage Coach"},"content":{"rendered":"<h4 data-mce-style=\"text-align: center;\">Taille S \/ Small<\/h4>\n<h4>Varsity Jacket Coach de 1966&#8217;s de L&#8217;universit\u00e9 de pittsburgh.\u00a0<\/h4>\n<h4>\n<a title=\"Universit\u00e9 de Pittsburgh, Boutique Pickers Vintage Officiel, Mode Vintage Homme, Femme et Enfant.\" href=\"https:\/\/fr.wikipedia.org\/wiki\/Universit%C3%A9_de_Pittsburgh\">L&#8217;universit\u00e9 de Pittsburgh<\/a>\u00a0est une\u00a0Universit\u00e9 publique sur nomm\u00e9e\u00a0Pitt.\u00a0En plus de l&#8217;excellente r\u00e9putation de L&#8217;universit\u00e9 sur le plan m\u00e9dical, L&#8217;universit\u00e9 de Pittsburgh est \u00e9galement connue pour \u00eatre une des meilleures en ce qui concerne les finances.\u00a0Les\u00a0Panthers de Pittsburgh\u00a0(<em>Pittsburgh Panthers<\/em>) sont un club omnisports Universitaire.<\/h4>\n<div style=\"text-align: center\" data-mce-style=\"text-align: center;\">\n<img decoding=\"async\" style=\"margin-bottom: 16px;float: none\" alt=\"Logo de L'universit\u00e9 de Pittsburgh, Boutique Pickers Vintage Officiel, Mode Vintage Homme, Femme et Enfant.\" src=\"https:\/\/cdn.shopify.com\/s\/files\/1\/0555\/2573\/6522\/files\/Pull_Vintage_de_l_Universite_de_Pittsburgh-Boutique_Pickers_vintage_100x100.png?v=1653498008\" data-mce-src=\"https:\/\/cdn.shopify.com\/s\/files\/1\/0555\/2573\/6522\/files\/Pull_Vintage_de_l_Universite_de_Pittsburgh-Boutique_Pickers_vintage_100x100.png?v=1653498008\" data-mce-style=\"margin-bottom: 16px; float: none;\"><img decoding=\"async\" data-mce-fragment=\"1\" src=\"https:\/\/cdn.shopify.com\/s\/files\/1\/0555\/2573\/6522\/files\/Pittpanthers-Boutique-pickers-vintage-officiel_100x100.jpg?v=1699949623\" alt=\"Panthers de Pittsburgh, Boutique Pickers Vintage Officiel, Mode Vintage Homme, Femme et Enfant.\" style=\"margin-bottom: 16px;float: none\" data-mce-src=\"https:\/\/cdn.shopify.com\/s\/files\/1\/0555\/2573\/6522\/files\/Pittpanthers-Boutique-pickers-vintage-officiel_480x480.jpg?v=1699949623\">\n<\/div>\n<p>\u00a0<\/p>\n<ul><\/ul>\n<div style=\"text-align: left\" data-mce-style=\"text-align: left;\"><\/div>\n","protected":false},"excerpt":{"rendered":"<p>Taille S \/ Small Varsity Jacket Coach de 1966&#8217;s de L&#8217;universit\u00e9 de pittsburgh.\u00a0 L&#8217;universit\u00e9 de Pittsburgh\u00a0est une\u00a0Universit\u00e9 publique sur nomm\u00e9e\u00a0Pitt.\u00a0En plus de l&#8217;excellente r\u00e9putation de L&#8217;universit\u00e9 sur le plan m\u00e9dical, L&#8217;universit\u00e9 de Pittsburgh est \u00e9galement connue pour \u00eatre une des meilleures en ce qui concerne les finances.\u00a0Les\u00a0Panthers de Pittsburgh\u00a0(Pittsburgh Panthers) sont un club omnisports Universitaire. [&hellip;]<\/p>\n","protected":false},"featured_media":645799,"comment_status":"open","ping_status":"closed","template":"","meta":[],"product_brand":[],"product_cat":[1756,1758],"product_tag":[2122],"acf":[],"_links":{"self":[{"href":"https:\/\/streetmarkets.fr\/app\/wp-json\/wp\/v2\/product\/645798"}],"collection":[{"href":"https:\/\/streetmarkets.fr\/app\/wp-json\/wp\/v2\/product"}],"about":[{"href":"https:\/\/streetmarkets.fr\/app\/wp-json\/wp\/v2\/types\/product"}],"replies":[{"embeddable":true,"href":"https:\/\/streetmarkets.fr\/app\/wp-json\/wp\/v2\/comments?post=645798"}],"wp:featuredmedia":[{"embeddable":true,"href":"https:\/\/streetmarkets.fr\/app\/wp-json\/wp\/v2\/media\/645799"}],"wp:attachment":[{"href":"https:\/\/streetmarkets.fr\/app\/wp-json\/wp\/v2\/media?parent=645798"}],"wp:term":[{"taxonomy":"product_brand","embeddable":true,"href":"https:\/\/streetmarkets.fr\/app\/wp-json\/wp\/v2\/product_brand?post=645798"},{"taxonomy":"product_cat","embeddable":true,"href":"https:\/\/streetmarkets.fr\/app\/wp-json\/wp\/v2\/product_cat?post=645798"},{"taxonomy":"product_tag","embeddable":true,"href":"https:\/\/streetmarkets.fr\/app\/wp-json\/wp\/v2\/product_tag?post=645798"}],"curies":[{"name":"wp","href":"https:\/\/api.w.org\/{rel}","templated":true}]}}