{"id":645723,"date":"2024-10-10T13:53:50","date_gmt":"2024-10-10T11:53:50","guid":{"rendered":"https:\/\/streetmarkets.fr\/app\/produit\/bougie-basket-air-jordan-1-sculpture-sneakers-air-jordan-1-taxi\/"},"modified":"2026-04-26T09:37:40","modified_gmt":"2026-04-26T07:37:40","slug":"bougie-basket-air-jordan-1-sculpture-sneakers-air-jordan-1-taxi","status":"publish","type":"product","link":"https:\/\/streetmarkets.fr\/app\/produit\/bougie-basket-air-jordan-1-sculpture-sneakers-air-jordan-1-taxi\/","title":{"rendered":"Bougie Basket Air Jordan 1, Sculpture Sneakers Air Jordan 1 Taxi"},"content":{"rendered":"<div style=\"text-align: center\" data-mce-style=\"text-align: center;\"><\/div>\n<h4>\n<em><em>\ufeff<\/em><\/em><b>Sneakers Candle Sculpture Air Jordan One Taxi.<\/b><br \/>\n<\/h4>\n<h4>La c\u00e9l\u00e8bre Air Jordan One\u00a0Aj1,\u00a0na\u00eet en 1985&#8217;s par le designer\u00a0Peter Moore\u00a0pour Nike.<br \/>\n<\/h4>\n<h4 class=\"p2\"><\/h4>\n<h4 class=\"p2\">Cette bougie est r\u00e9alis\u00e9e en cire de colza, une cire 100 % naturelle et \u00e9co-responsable, elle\u00a0est\u00a0cultiv\u00e9e en Europe. La\u00a0cire de colza\u00a0n\u2019est pas la plus simple \u00e0 travailler, mais elle permet d\u2019obtenir des\u00a0bougies au charme affirm\u00e9. C\u2019est donc une solution esth\u00e9tique, mais aussi \u00e9thique. Le colza est un produit local et cultiv\u00e9 sur des champs existants pour laisser au sol le temps de se r\u00e9g\u00e9n\u00e9rer entre deux cultures.\u00a0Non toxique et avec une combustion propre, il en est de m\u00eame pour les peintures que nous utilisons de pigment naturel \u00e0 l\u2019eau.\u00a0<br \/>\n<\/h4>\n<h4 class=\"p1\">Faire br\u00fbler une bougie \u00e0 base de cire de Colza, c\u2019est faire le choix de la qualit\u00e9, du respect de l\u2019environnement et du 100% s\u00fbr pour la sant\u00e9 !<\/h4>\n<h4 class=\"p2\">\n<b>Bougie customis\u00e9e \u00e0 la main et n&#8217;est pas une affiliation produite par Nike !<\/b><br \/><b><\/b><br \/>\n<\/h4>\n","protected":false},"excerpt":{"rendered":"<p>\ufeffSneakers Candle Sculpture Air Jordan One Taxi. La c\u00e9l\u00e8bre Air Jordan One\u00a0Aj1,\u00a0na\u00eet en 1985&#8217;s par le designer\u00a0Peter Moore\u00a0pour Nike. Cette bougie est r\u00e9alis\u00e9e en cire de colza, une cire 100 % naturelle et \u00e9co-responsable, elle\u00a0est\u00a0cultiv\u00e9e en Europe. La\u00a0cire de colza\u00a0n\u2019est pas la plus simple \u00e0 travailler, mais elle permet d\u2019obtenir des\u00a0bougies au charme affirm\u00e9. C\u2019est [&hellip;]<\/p>\n","protected":false},"featured_media":645724,"comment_status":"open","ping_status":"closed","template":"","meta":[],"product_brand":[],"product_cat":[1756,1764],"product_tag":[2122],"acf":[],"_links":{"self":[{"href":"https:\/\/streetmarkets.fr\/app\/wp-json\/wp\/v2\/product\/645723"}],"collection":[{"href":"https:\/\/streetmarkets.fr\/app\/wp-json\/wp\/v2\/product"}],"about":[{"href":"https:\/\/streetmarkets.fr\/app\/wp-json\/wp\/v2\/types\/product"}],"replies":[{"embeddable":true,"href":"https:\/\/streetmarkets.fr\/app\/wp-json\/wp\/v2\/comments?post=645723"}],"wp:featuredmedia":[{"embeddable":true,"href":"https:\/\/streetmarkets.fr\/app\/wp-json\/wp\/v2\/media\/645724"}],"wp:attachment":[{"href":"https:\/\/streetmarkets.fr\/app\/wp-json\/wp\/v2\/media?parent=645723"}],"wp:term":[{"taxonomy":"product_brand","embeddable":true,"href":"https:\/\/streetmarkets.fr\/app\/wp-json\/wp\/v2\/product_brand?post=645723"},{"taxonomy":"product_cat","embeddable":true,"href":"https:\/\/streetmarkets.fr\/app\/wp-json\/wp\/v2\/product_cat?post=645723"},{"taxonomy":"product_tag","embeddable":true,"href":"https:\/\/streetmarkets.fr\/app\/wp-json\/wp\/v2\/product_tag?post=645723"}],"curies":[{"name":"wp","href":"https:\/\/api.w.org\/{rel}","templated":true}]}}